{"id":239,"date":"2018-09-21T12:02:56","date_gmt":"2018-09-21T10:02:56","guid":{"rendered":"https:\/\/fil-avocats.com\/?page_id=239"},"modified":"2021-04-23T13:11:54","modified_gmt":"2021-04-23T11:11:54","slug":"danemark","status":"publish","type":"page","link":"https:\/\/fil-avocats.com\/fr\/danemark\/","title":{"rendered":"Danemark"},"content":{"rendered":"[vc_row type=\u00a0\u00bbin_container\u00a0\u00bb full_screen_row_position=\u00a0\u00bbmiddle\u00a0\u00bb column_margin=\u00a0\u00bbdefault\u00a0\u00bb scene_position=\u00a0\u00bbcenter\u00a0\u00bb text_color=\u00a0\u00bbdark\u00a0\u00bb text_align=\u00a0\u00bbleft\u00a0\u00bb overlay_strength=\u00a0\u00bb0.3&Prime; shape_divider_position=\u00a0\u00bbbottom\u00a0\u00bb bg_image_animation=\u00a0\u00bbnone\u00a0\u00bb][vc_column column_padding=\u00a0\u00bbpadding-5-percent\u00a0\u00bb column_padding_position=\u00a0\u00bbright\u00a0\u00bb background_color_opacity=\u00a0\u00bb1&Prime; background_hover_color_opacity=\u00a0\u00bb1&Prime; column_link_target=\u00a0\u00bb_self\u00a0\u00bb column_shadow=\u00a0\u00bbnone\u00a0\u00bb column_border_radius=\u00a0\u00bbnone\u00a0\u00bb width=\u00a0\u00bb1\/1&Prime; tablet_width_inherit=\u00a0\u00bbdefault\u00a0\u00bb tablet_text_alignment=\u00a0\u00bbdefault\u00a0\u00bb phone_text_alignment=\u00a0\u00bbdefault\u00a0\u00bb overlay_strength=\u00a0\u00bb0.3&Prime; column_border_width=\u00a0\u00bbnone\u00a0\u00bb column_border_style=\u00a0\u00bbsolid\u00a0\u00bb bg_image_animation=\u00a0\u00bbnone\u00a0\u00bb][vc_row_inner column_margin=\u00a0\u00bbdefault\u00a0\u00bb text_align=\u00a0\u00bbleft\u00a0\u00bb][vc_column_inner column_padding=\u00a0\u00bbno-extra-padding\u00a0\u00bb column_padding_position=\u00a0\u00bball\u00a0\u00bb background_color_opacity=\u00a0\u00bb1&Prime; background_hover_color_opacity=\u00a0\u00bb1&Prime; column_shadow=\u00a0\u00bbnone\u00a0\u00bb column_border_radius=\u00a0\u00bbnone\u00a0\u00bb column_link_target=\u00a0\u00bb_self\u00a0\u00bb width=\u00a0\u00bb1\/2&Prime; tablet_width_inherit=\u00a0\u00bbdefault\u00a0\u00bb overlay_strength=\u00a0\u00bb0.3&Prime; column_border_width=\u00a0\u00bbnone\u00a0\u00bb column_border_style=\u00a0\u00bbsolid\u00a0\u00bb bg_image_animation=\u00a0\u00bbnone\u00a0\u00bb][vc_raw_html]JTNDZGl2JTIwc3R5bGUlM0QlMjJ3aWR0aCUzQSUyMGF1dG8lM0IlMjBoZWlnaHQlM0ElMjBhdXRvJTNCJTIyJTNFJTBBJTA5JTNDZGl2JTIwc3R5bGUlM0QlMjJjbGVhciUzQSUyMGJvdGglM0IlMjIlM0UlMEElMDklM0MlMkZkaXYlM0UlMEElM0NkaXYlMjBzdHlsZSUzRCUyMmZsb2F0JTNBJTIwbGVmdCUzQiUyMiUzRSUwQSUwOSUzQ2ElMjBocmVmJTNEJTIyaHR0cHMlM0ElMkYlMkZka2xhdy5kayUyRmFkdm9rYXRlciUyRmFubmUtbWllLWx1bmQlMkYlMjIlM0UlM0NpbWclMjBzdHlsZSUzRCUyMndpZHRoJTNBJTIwMTIwcHglM0IlMjBwYWRkaW5nLXJpZ2h0JTNBJTIwMTBweCUzQiUyMiUyMHNyYyUzRCUyMmh0dHBzJTNBJTJGJTJGZmlsLWF2b2NhdHMuY29tJTJGd3AtY29udGVudCUyRnVwbG9hZHMlMkYyMDE4JTJGMDklMkZBbm5lLU1pZS1wb3J0cmFpdC5qcGclMjIlMjBhbHQlM0QlMjJBbm5lJTIwTWllJTIwTHVuZCUyMiUyMCUyRiUzRSUzQyUyRmElM0UlMEElM0MlMkZkaXYlM0UlMEElM0NkaXYlMjBzdHlsZSUzRCUyMmFsaWduJTNBJTIwcmlnaHQlM0IlMjIlM0UlMEElM0NzdHJvbmclM0VBbm5lJTIwTWllJTIwTHVuZCUzQyUyRnN0cm9uZyUzRSUzQ2JyJTNFJTBBRW1haWwlM0ElMjAlM0NhJTIwaHJlZiUzRCUyMm1haWx0byUzQWFtbCU0MGRrbGF3LmRrJTIyJTNFYW1sJTQwZGtsYXcuZGslM0MlMkZhJTNFJTNDYnIlM0UlMEFUJUMzJUE5bCUzQSUyMCUzQ2ElMjBocmVmJTNEJTIydGVsJTNBJTJCNDUzMzEzNjkyMCUyMiUzRSUyQjQ1JTIwMzMlMjAxMyUyMDY5JTIwMjAlM0MlMkZhJTNFJTBBJTNDJTJGZGl2JTNFJTBBJTA5JTNDZGl2JTIwc3R5bGUlM0QlMjJjbGVhciUzQSUyMGJvdGglM0IlMjIlM0UlMEElMDklM0MlMkZkaXYlM0UlMEElM0MlMkZkaXYlM0UlMEElMEElM0NkaXYlMjBzdHlsZSUzRCUyMmNsZWFyJTNBJTIwYm90aCUzQiUyMGhlaWdodCUzQSUyMDE1MHB4JTNCJTIyJTNFJTBBJTNDZGl2JTIwc3R5bGUlM0QlMjJmbG9hdCUzQSUyMGxlZnQlM0IlMjIlM0UlMEElM0NhJTIwaHJlZiUzRCUyMmh0dHAlM0ElMkYlMkZ3d3cubGVnYWw1MDAuY29tJTJGYXNzZXRzJTJGcGFnZXMlMkZhYm91dC11cyUyRmFib3V0LXVzLmh0bWwlMjIlMjB0YXJnZXQlM0QlMjJfYmxhbmslMjIlM0UlMEElM0NpbWclMjBzdHlsZSUzRCUyMndpZHRoJTNBJTIwOTBweCUzQiUyMiUyMHNyYyUzRCUyMmh0dHBzJTNBJTJGJTJGZmlsLWF2b2NhdHMuY29tJTJGd3AtY29udGVudCUyRnVwbG9hZHMlMkYyMDIxJTJGMDQlMkZlbWVhLWxlYWRpbmctZmlybS0yMDIxLmpwZWclMjIlMjBhbHQlM0QlMjJUaGUlMjBMZWdhbCUyMDUwMCUyMC0lMjBUaGUlMjBDbGllbnRzJTIwR3VpZGUlMjB0byUyMExhdyUyMEZpcm1zJTIyJTIwd2lkdGglM0QlMjIxNDglMjIlMjBoZWlnaHQlM0QlMjIyMTQlMjIlMjBib3JkZXIlM0QlMjIwJTIyJTNFJTNDJTJGYSUzRSUwQSUzQyUyRmRpdiUzRSUwQSUwOSUzQ2RpdiUyMHN0eWxlJTNEJTIyZmxvYXQlM0ElMjBsZWZ0JTNCJTIyJTNFJTBBJTA5JTA5JTNDYSUyMGhyZWYlM0QlMjJodHRwJTNBJTJGJTJGd3d3LmRhbnNrLWZyYW5zay5kayUyRmRrJTJGJTIyJTIwdGFyZ2V0JTNEJTIyX2JsYW5rJTIyJTNFJTBBJTNDaW1nJTIwc3R5bGUlM0QlMjJ3aWR0aCUzQSUyMDE1MHB4JTNCJTIwbWFyZ2luLWxlZnQlM0ElMjAxMHB4JTNCJTIwbWFyZ2luLXRvcCUzQSUyMDQwcHglM0IlMjIlMjBzcmMlM0QlMjJodHRwcyUzQSUyRiUyRmZpbC1hdm9jYXRzLmNvbSUyRndwLWNvbnRlbnQlMkZ1cGxvYWRzJTJGMjAxOCUyRjA5JTJGZGFuc2stZnJhbnNrLWhhbmRlbHNrYW1tZXIyLnBuZyUyMiUyMGFsdCUzRCUyMkRhbnNrLWZyYW5zayUyMEhhbmRlbHNrYW1tZXIlMjIlMjB3aWR0aCUzRCUyMjIwMCUyMiUyMGhlaWdodCUzRCUyMmF1dG8lMjIlMjBib3JkZXIlM0QlMjIwJTIyJTNFJTNDJTJGYSUzRSUwQSUwOSUzQyUyRmRpdiUzRSUwQSUzQyUyRmRpdiUzRQ==[\/vc_raw_html][\/vc_column_inner][vc_column_inner column_padding=\u00a0\u00bbno-extra-padding\u00a0\u00bb column_padding_position=\u00a0\u00bball\u00a0\u00bb background_color_opacity=\u00a0\u00bb1&Prime; background_hover_color_opacity=\u00a0\u00bb1&Prime; column_shadow=\u00a0\u00bbnone\u00a0\u00bb column_border_radius=\u00a0\u00bbnone\u00a0\u00bb column_link_target=\u00a0\u00bb_self\u00a0\u00bb width=\u00a0\u00bb1\/2&Prime; tablet_width_inherit=\u00a0\u00bbdefault\u00a0\u00bb overlay_strength=\u00a0\u00bb0.3&Prime; column_border_width=\u00a0\u00bbnone\u00a0\u00bb column_border_style=\u00a0\u00bbsolid\u00a0\u00bb bg_image_animation=\u00a0\u00bbnone\u00a0\u00bb][vc_column_text]<strong>Fabritius Tengnagel &amp; Heine<\/strong><br \/>\nStore Kongensgade 67C<br \/>\n1264 Copenhague<br \/>\nDanemark<br \/>\nT\u00e9l: +45 33 13 69 20<br \/>\nEmail:<br \/>\n<a href=\"mailto:am*@***aw.dk\" data-original-string=\"AYEGVJLqIAO\/uecI6DCRMA==90ct2LbGF5+DKc9m7E0u+2lWA==\" title=\"This contact has been encoded by Anti-Spam by CleanTalk. Click to decode. To finish the decoding make sure that JavaScript is enabled in your browser.\"><span \n                data-original-string='RBgluC4LGia3pBCJqG8F5w==90cKSqASWu1OCPuR5tExVNn9g=='\n                class='apbct-email-encoder'\n                title='This contact has been encoded by Anti-Spam by CleanTalk. Click to decode. To finish the decoding make sure that JavaScript is enabled in your browser.'>am<span class=\"apbct-blur\">*<\/span>@<span class=\"apbct-blur\">***<\/span>aw.dk<\/span><\/a><br \/>\n<a href=\"https:\/\/www.dklaw.dk\">www.dklaw.dk<\/a><\/p>\n<p><img loading=\"lazy\" decoding=\"async\" class=\"alignnone size-medium wp-image-248\" src=\"https:\/\/fil-avocats.com\/wp-content\/uploads\/2018\/09\/logo-web-retina-300x40.jpg\" alt=\"\" width=\"300\" height=\"40\" srcset=\"https:\/\/fil-avocats.com\/wp-content\/uploads\/2018\/09\/logo-web-retina-300x40.jpg 300w, https:\/\/fil-avocats.com\/wp-content\/uploads\/2018\/09\/logo-web-retina-768x102.jpg 768w, https:\/\/fil-avocats.com\/wp-content\/uploads\/2018\/09\/logo-web-retina.jpg 900w\" sizes=\"auto, (max-width: 300px) 100vw, 300px\" \/>[\/vc_column_text][\/vc_column_inner][\/vc_row_inner][\/vc_column][\/vc_row][vc_row type=\u00a0\u00bbin_container\u00a0\u00bb full_screen_row_position=\u00a0\u00bbmiddle\u00a0\u00bb column_margin=\u00a0\u00bbdefault\u00a0\u00bb scene_position=\u00a0\u00bbcenter\u00a0\u00bb text_color=\u00a0\u00bbdark\u00a0\u00bb text_align=\u00a0\u00bbleft\u00a0\u00bb overlay_strength=\u00a0\u00bb0.3&Prime; shape_divider_position=\u00a0\u00bbbottom\u00a0\u00bb bg_image_animation=\u00a0\u00bbnone\u00a0\u00bb][vc_column column_padding=\u00a0\u00bbno-extra-padding\u00a0\u00bb column_padding_position=\u00a0\u00bball\u00a0\u00bb background_color_opacity=\u00a0\u00bb1&Prime; background_hover_color_opacity=\u00a0\u00bb1&Prime; column_link_target=\u00a0\u00bb_self\u00a0\u00bb column_shadow=\u00a0\u00bbnone\u00a0\u00bb column_border_radius=\u00a0\u00bbnone\u00a0\u00bb width=\u00a0\u00bb1\/1&Prime; tablet_width_inherit=\u00a0\u00bbdefault\u00a0\u00bb tablet_text_alignment=\u00a0\u00bbdefault\u00a0\u00bb phone_text_alignment=\u00a0\u00bbdefault\u00a0\u00bb overlay_strength=\u00a0\u00bb0.3&Prime; column_border_width=\u00a0\u00bbnone\u00a0\u00bb column_border_style=\u00a0\u00bbsolid\u00a0\u00bb bg_image_animation=\u00a0\u00bbnone\u00a0\u00bb][divider line_type=\u00a0\u00bbFull Width Line\u00a0\u00bb line_thickness=\u00a0\u00bb1&Prime; divider_color=\u00a0\u00bbextra-color-2&Prime; custom_height=\u00a0\u00bb20&Prime;][\/vc_column][\/vc_row][vc_row type=\u00a0\u00bbin_container\u00a0\u00bb full_screen_row_position=\u00a0\u00bbmiddle\u00a0\u00bb column_margin=\u00a0\u00bbdefault\u00a0\u00bb scene_position=\u00a0\u00bbcenter\u00a0\u00bb text_color=\u00a0\u00bbdark\u00a0\u00bb text_align=\u00a0\u00bbleft\u00a0\u00bb overlay_strength=\u00a0\u00bb0.3&Prime; shape_divider_position=\u00a0\u00bbbottom\u00a0\u00bb bg_image_animation=\u00a0\u00bbnone\u00a0\u00bb][vc_column column_padding=\u00a0\u00bbno-extra-padding\u00a0\u00bb column_padding_position=\u00a0\u00bball\u00a0\u00bb background_color_opacity=\u00a0\u00bb1&Prime; background_hover_color_opacity=\u00a0\u00bb1&Prime; column_link_target=\u00a0\u00bb_self\u00a0\u00bb column_shadow=\u00a0\u00bbnone\u00a0\u00bb column_border_radius=\u00a0\u00bbnone\u00a0\u00bb width=\u00a0\u00bb1\/1&Prime; tablet_width_inherit=\u00a0\u00bbdefault\u00a0\u00bb tablet_text_alignment=\u00a0\u00bbdefault\u00a0\u00bb phone_text_alignment=\u00a0\u00bbdefault\u00a0\u00bb overlay_strength=\u00a0\u00bb0.3&Prime; column_border_width=\u00a0\u00bbnone\u00a0\u00bb column_border_style=\u00a0\u00bbsolid\u00a0\u00bb bg_image_animation=\u00a0\u00bbnone\u00a0\u00bb][vc_column_text]Anne Mie Lund, avocat au Barreau du Danemark, fournit des conseils juridiques sp\u00e9cialis\u00e9s, s\u2019adressant aussi bien aux entreprises et instituts financiers qu\u2019aux particuliers, dans le domaine des probl\u00e9matiques juridiques franco-danoises. Nous attachons une grande importance \u00e0 \u00eatre pr\u00e9sents au niveau international afin de pouvoir fournir les meilleurs conseils juridiques possibles, au travers des fronti\u00e8res et en tenant compte des diff\u00e9rences linguistiques et culturelles existantes.<\/p>\n<p>Ant\u00e9rieurement, Me Anne Mie Lund a exerc\u00e9 son activit\u00e9 pendant plusieurs ann\u00e9es en France et elle est nomm\u00e9 avocat-conseil de l\u2019Ambassade de France au Danemark. Elle b\u00e9n\u00e9ficie d\u2019une grande exp\u00e9rience du conseil, qu\u2019il s\u2019agisse d\u2019assister des clients danois\/scandinaves concernant les questions de droit fran\u00e7ais ou des clients fran\u00e7ais au sujet des questions de droit danois.<\/p>\n<h4>Anne Mie Lund <strong>intervient principalement dans les domaines suivants:<\/strong><\/h4>\n<ul>\n<li>Constitution de soci\u00e9t\u00e9s et exploitation d\u2019entreprises<\/li>\n<li>Droit du travail (r\u00e9daction de contrat, formalit\u00e9s administratives et contentieux<\/li>\n<li><a href=\"https:\/\/dklaw.dk\/fr\/concessionnaire-exclusif-agent-commercial\/\">Contrats d\u2019agent commercial et contrats de distributeur exclusif<\/a><\/li>\n<li><span class=\"s6\"><a href=\"https:\/\/dklaw.dk\/fr\/procedures-judiciaires-arbitrage\/\"><span class=\"s7\">Arbitrage international et proc\u00e9dure judiciaire<\/span><\/a><\/span><\/li>\n<li><a href=\"https:\/\/dklaw.dk\/fr\/recouvrement-de-creances\/\">Liquidation est recouvrement des dettes au Danemark<\/a><\/li>\n<li>Achat, vente et location de biens immobiliers<\/li>\n<li>M\u00e9diation en mati\u00e8re civile et commerciale<\/li>\n<\/ul>\n<p>Nous sommes en outre repr\u00e9sent\u00e9s au sein de LEGAL 500 et la Chambre de commerce franco-danoise.[\/vc_column_text][\/vc_column][\/vc_row]\n","protected":false},"excerpt":{"rendered":"<p>[vc_row type=\u00a0\u00bbin_container\u00a0\u00bb full_screen_row_position=\u00a0\u00bbmiddle\u00a0\u00bb column_margin=\u00a0\u00bbdefault\u00a0\u00bb scene_position=\u00a0\u00bbcenter\u00a0\u00bb text_color=\u00a0\u00bbdark\u00a0\u00bb text_align=\u00a0\u00bbleft\u00a0\u00bb overlay_strength=\u00a0\u00bb0.3&Prime; shape_divider_position=\u00a0\u00bbbottom\u00a0\u00bb bg_image_animation=\u00a0\u00bbnone\u00a0\u00bb][vc_column column_padding=\u00a0\u00bbpadding-5-percent\u00a0\u00bb column_padding_position=\u00a0\u00bbright\u00a0\u00bb background_color_opacity=\u00a0\u00bb1&Prime; background_hover_color_opacity=\u00a0\u00bb1&Prime; column_link_target=\u00a0\u00bb_self\u00a0\u00bb column_shadow=\u00a0\u00bbnone\u00a0\u00bb column_border_radius=\u00a0\u00bbnone\u00a0\u00bb width=\u00a0\u00bb1\/1&Prime; tablet_width_inherit=\u00a0\u00bbdefault\u00a0\u00bb tablet_text_alignment=\u00a0\u00bbdefault\u00a0\u00bb phone_text_alignment=\u00a0\u00bbdefault\u00a0\u00bb overlay_strength=\u00a0\u00bb0.3&Prime; column_border_width=\u00a0\u00bbnone\u00a0\u00bb column_border_style=\u00a0\u00bbsolid\u00a0\u00bb bg_image_animation=\u00a0\u00bbnone\u00a0\u00bb][vc_row_inner column_margin=\u00a0\u00bbdefault\u00a0\u00bb text_align=\u00a0\u00bbleft\u00a0\u00bb][vc_column_inner column_padding=\u00a0\u00bbno-extra-padding\u00a0\u00bb column_padding_position=\u00a0\u00bball\u00a0\u00bb background_color_opacity=\u00a0\u00bb1&Prime;&#8230;<\/p>\n","protected":false},"author":1,"featured_media":0,"parent":0,"menu_order":0,"comment_status":"closed","ping_status":"closed","template":"page-sidebar.php","meta":{"footnotes":""},"class_list":["post-239","page","type-page","status-publish"],"yoast_head":"<!-- This site is optimized with the Yoast SEO plugin v27.4 - https:\/\/yoast.com\/product\/yoast-seo-wordpress\/ -->\n<title>Danemark - FIL - French-speaking International Lawyers<\/title>\n<meta name=\"robots\" content=\"index, follow, max-snippet:-1, max-image-preview:large, max-video-preview:-1\" \/>\n<link rel=\"canonical\" href=\"https:\/\/fil-avocats.com\/denmark\/\" \/>\n<meta property=\"og:locale\" content=\"fr_FR\" \/>\n<meta property=\"og:type\" content=\"article\" \/>\n<meta property=\"og:title\" content=\"Danemark - FIL - French-speaking International Lawyers\" \/>\n<meta property=\"og:description\" content=\"[vc_row type=\u00a0\u00bbin_container\u00a0\u00bb full_screen_row_position=\u00a0\u00bbmiddle\u00a0\u00bb column_margin=\u00a0\u00bbdefault\u00a0\u00bb scene_position=\u00a0\u00bbcenter\u00a0\u00bb text_color=\u00a0\u00bbdark\u00a0\u00bb text_align=\u00a0\u00bbleft\u00a0\u00bb overlay_strength=\u00a0\u00bb0.3&Prime; shape_divider_position=\u00a0\u00bbbottom\u00a0\u00bb bg_image_animation=\u00a0\u00bbnone\u00a0\u00bb][vc_column column_padding=\u00a0\u00bbpadding-5-percent\u00a0\u00bb column_padding_position=\u00a0\u00bbright\u00a0\u00bb background_color_opacity=\u00a0\u00bb1&Prime; background_hover_color_opacity=\u00a0\u00bb1&Prime; column_link_target=\u00a0\u00bb_self\u00a0\u00bb column_shadow=\u00a0\u00bbnone\u00a0\u00bb column_border_radius=\u00a0\u00bbnone\u00a0\u00bb width=\u00a0\u00bb1\/1&Prime; tablet_width_inherit=\u00a0\u00bbdefault\u00a0\u00bb tablet_text_alignment=\u00a0\u00bbdefault\u00a0\u00bb phone_text_alignment=\u00a0\u00bbdefault\u00a0\u00bb overlay_strength=\u00a0\u00bb0.3&Prime; column_border_width=\u00a0\u00bbnone\u00a0\u00bb column_border_style=\u00a0\u00bbsolid\u00a0\u00bb bg_image_animation=\u00a0\u00bbnone\u00a0\u00bb][vc_row_inner column_margin=\u00a0\u00bbdefault\u00a0\u00bb text_align=\u00a0\u00bbleft\u00a0\u00bb][vc_column_inner column_padding=\u00a0\u00bbno-extra-padding\u00a0\u00bb column_padding_position=\u00a0\u00bball\u00a0\u00bb background_color_opacity=\u00a0\u00bb1&Prime;...\" \/>\n<meta property=\"og:url\" content=\"https:\/\/fil-avocats.com\/denmark\/\" \/>\n<meta property=\"og:site_name\" content=\"FIL - French-speaking International Lawyers\" \/>\n<meta property=\"article:modified_time\" content=\"2021-04-23T11:11:54+00:00\" \/>\n<meta property=\"og:image\" content=\"https:\/\/fil-avocats.com\/wp-content\/uploads\/2018\/09\/logo-web-retina-300x40.jpg\" \/>\n<meta name=\"twitter:card\" content=\"summary_large_image\" \/>\n<meta name=\"twitter:label1\" content=\"Dur\u00e9e de lecture estim\u00e9e\" \/>\n\t<meta name=\"twitter:data1\" content=\"4 minutes\" \/>\n<script type=\"application\/ld+json\" class=\"yoast-schema-graph\">{\"@context\":\"https:\\\/\\\/schema.org\",\"@graph\":[{\"@type\":\"WebPage\",\"@id\":\"https:\\\/\\\/fil-avocats.com\\\/denmark\\\/\",\"url\":\"https:\\\/\\\/fil-avocats.com\\\/denmark\\\/\",\"name\":\"Danemark - FIL - French-speaking International Lawyers\",\"isPartOf\":{\"@id\":\"https:\\\/\\\/fil-avocats.com\\\/#website\"},\"primaryImageOfPage\":{\"@id\":\"https:\\\/\\\/fil-avocats.com\\\/denmark\\\/#primaryimage\"},\"image\":{\"@id\":\"https:\\\/\\\/fil-avocats.com\\\/denmark\\\/#primaryimage\"},\"thumbnailUrl\":\"https:\\\/\\\/fil-avocats.com\\\/wp-content\\\/uploads\\\/2018\\\/09\\\/logo-web-retina-300x40.jpg\",\"datePublished\":\"2018-09-21T10:02:56+00:00\",\"dateModified\":\"2021-04-23T11:11:54+00:00\",\"breadcrumb\":{\"@id\":\"https:\\\/\\\/fil-avocats.com\\\/denmark\\\/#breadcrumb\"},\"inLanguage\":\"fr-FR\",\"potentialAction\":[{\"@type\":\"ReadAction\",\"target\":[\"https:\\\/\\\/fil-avocats.com\\\/denmark\\\/\"]}]},{\"@type\":\"ImageObject\",\"inLanguage\":\"fr-FR\",\"@id\":\"https:\\\/\\\/fil-avocats.com\\\/denmark\\\/#primaryimage\",\"url\":\"https:\\\/\\\/fil-avocats.com\\\/wp-content\\\/uploads\\\/2018\\\/09\\\/logo-web-retina-300x40.jpg\",\"contentUrl\":\"https:\\\/\\\/fil-avocats.com\\\/wp-content\\\/uploads\\\/2018\\\/09\\\/logo-web-retina-300x40.jpg\"},{\"@type\":\"BreadcrumbList\",\"@id\":\"https:\\\/\\\/fil-avocats.com\\\/denmark\\\/#breadcrumb\",\"itemListElement\":[{\"@type\":\"ListItem\",\"position\":1,\"name\":\"Home\",\"item\":\"https:\\\/\\\/fil-avocats.com\\\/\"},{\"@type\":\"ListItem\",\"position\":2,\"name\":\"Danemark\"}]},{\"@type\":\"WebSite\",\"@id\":\"https:\\\/\\\/fil-avocats.com\\\/#website\",\"url\":\"https:\\\/\\\/fil-avocats.com\\\/\",\"name\":\"FIL - French-speaking International Lawyers\",\"description\":\"A global network of French-speaking lawyers\",\"potentialAction\":[{\"@type\":\"SearchAction\",\"target\":{\"@type\":\"EntryPoint\",\"urlTemplate\":\"https:\\\/\\\/fil-avocats.com\\\/?s={search_term_string}\"},\"query-input\":{\"@type\":\"PropertyValueSpecification\",\"valueRequired\":true,\"valueName\":\"search_term_string\"}}],\"inLanguage\":\"fr-FR\"}]}<\/script>\n<!-- \/ Yoast SEO plugin. -->","yoast_head_json":{"title":"Danemark - FIL - French-speaking International Lawyers","robots":{"index":"index","follow":"follow","max-snippet":"max-snippet:-1","max-image-preview":"max-image-preview:large","max-video-preview":"max-video-preview:-1"},"canonical":"https:\/\/fil-avocats.com\/denmark\/","og_locale":"fr_FR","og_type":"article","og_title":"Danemark - FIL - French-speaking International Lawyers","og_description":"[vc_row type=\u00a0\u00bbin_container\u00a0\u00bb full_screen_row_position=\u00a0\u00bbmiddle\u00a0\u00bb column_margin=\u00a0\u00bbdefault\u00a0\u00bb scene_position=\u00a0\u00bbcenter\u00a0\u00bb text_color=\u00a0\u00bbdark\u00a0\u00bb text_align=\u00a0\u00bbleft\u00a0\u00bb overlay_strength=\u00a0\u00bb0.3&Prime; shape_divider_position=\u00a0\u00bbbottom\u00a0\u00bb bg_image_animation=\u00a0\u00bbnone\u00a0\u00bb][vc_column column_padding=\u00a0\u00bbpadding-5-percent\u00a0\u00bb column_padding_position=\u00a0\u00bbright\u00a0\u00bb background_color_opacity=\u00a0\u00bb1&Prime; background_hover_color_opacity=\u00a0\u00bb1&Prime; column_link_target=\u00a0\u00bb_self\u00a0\u00bb column_shadow=\u00a0\u00bbnone\u00a0\u00bb column_border_radius=\u00a0\u00bbnone\u00a0\u00bb width=\u00a0\u00bb1\/1&Prime; tablet_width_inherit=\u00a0\u00bbdefault\u00a0\u00bb tablet_text_alignment=\u00a0\u00bbdefault\u00a0\u00bb phone_text_alignment=\u00a0\u00bbdefault\u00a0\u00bb overlay_strength=\u00a0\u00bb0.3&Prime; column_border_width=\u00a0\u00bbnone\u00a0\u00bb column_border_style=\u00a0\u00bbsolid\u00a0\u00bb bg_image_animation=\u00a0\u00bbnone\u00a0\u00bb][vc_row_inner column_margin=\u00a0\u00bbdefault\u00a0\u00bb text_align=\u00a0\u00bbleft\u00a0\u00bb][vc_column_inner column_padding=\u00a0\u00bbno-extra-padding\u00a0\u00bb column_padding_position=\u00a0\u00bball\u00a0\u00bb background_color_opacity=\u00a0\u00bb1&Prime;...","og_url":"https:\/\/fil-avocats.com\/denmark\/","og_site_name":"FIL - French-speaking International Lawyers","article_modified_time":"2021-04-23T11:11:54+00:00","og_image":[{"url":"https:\/\/fil-avocats.com\/wp-content\/uploads\/2018\/09\/logo-web-retina-300x40.jpg","type":"","width":"","height":""}],"twitter_card":"summary_large_image","twitter_misc":{"Dur\u00e9e de lecture estim\u00e9e":"4 minutes"},"schema":{"@context":"https:\/\/schema.org","@graph":[{"@type":"WebPage","@id":"https:\/\/fil-avocats.com\/denmark\/","url":"https:\/\/fil-avocats.com\/denmark\/","name":"Danemark - FIL - French-speaking International Lawyers","isPartOf":{"@id":"https:\/\/fil-avocats.com\/#website"},"primaryImageOfPage":{"@id":"https:\/\/fil-avocats.com\/denmark\/#primaryimage"},"image":{"@id":"https:\/\/fil-avocats.com\/denmark\/#primaryimage"},"thumbnailUrl":"https:\/\/fil-avocats.com\/wp-content\/uploads\/2018\/09\/logo-web-retina-300x40.jpg","datePublished":"2018-09-21T10:02:56+00:00","dateModified":"2021-04-23T11:11:54+00:00","breadcrumb":{"@id":"https:\/\/fil-avocats.com\/denmark\/#breadcrumb"},"inLanguage":"fr-FR","potentialAction":[{"@type":"ReadAction","target":["https:\/\/fil-avocats.com\/denmark\/"]}]},{"@type":"ImageObject","inLanguage":"fr-FR","@id":"https:\/\/fil-avocats.com\/denmark\/#primaryimage","url":"https:\/\/fil-avocats.com\/wp-content\/uploads\/2018\/09\/logo-web-retina-300x40.jpg","contentUrl":"https:\/\/fil-avocats.com\/wp-content\/uploads\/2018\/09\/logo-web-retina-300x40.jpg"},{"@type":"BreadcrumbList","@id":"https:\/\/fil-avocats.com\/denmark\/#breadcrumb","itemListElement":[{"@type":"ListItem","position":1,"name":"Home","item":"https:\/\/fil-avocats.com\/"},{"@type":"ListItem","position":2,"name":"Danemark"}]},{"@type":"WebSite","@id":"https:\/\/fil-avocats.com\/#website","url":"https:\/\/fil-avocats.com\/","name":"FIL - French-speaking International Lawyers","description":"A global network of French-speaking lawyers","potentialAction":[{"@type":"SearchAction","target":{"@type":"EntryPoint","urlTemplate":"https:\/\/fil-avocats.com\/?s={search_term_string}"},"query-input":{"@type":"PropertyValueSpecification","valueRequired":true,"valueName":"search_term_string"}}],"inLanguage":"fr-FR"}]}},"_links":{"self":[{"href":"https:\/\/fil-avocats.com\/fr\/wp-json\/wp\/v2\/pages\/239","targetHints":{"allow":["GET"]}}],"collection":[{"href":"https:\/\/fil-avocats.com\/fr\/wp-json\/wp\/v2\/pages"}],"about":[{"href":"https:\/\/fil-avocats.com\/fr\/wp-json\/wp\/v2\/types\/page"}],"author":[{"embeddable":true,"href":"https:\/\/fil-avocats.com\/fr\/wp-json\/wp\/v2\/users\/1"}],"replies":[{"embeddable":true,"href":"https:\/\/fil-avocats.com\/fr\/wp-json\/wp\/v2\/comments?post=239"}],"version-history":[{"count":22,"href":"https:\/\/fil-avocats.com\/fr\/wp-json\/wp\/v2\/pages\/239\/revisions"}],"predecessor-version":[{"id":241,"href":"https:\/\/fil-avocats.com\/fr\/wp-json\/wp\/v2\/pages\/239\/revisions\/241"}],"wp:attachment":[{"href":"https:\/\/fil-avocats.com\/fr\/wp-json\/wp\/v2\/media?parent=239"}],"curies":[{"name":"wp","href":"https:\/\/api.w.org\/{rel}","templated":true}]}}