{"id":349,"date":"2019-04-25T13:08:17","date_gmt":"2019-04-25T11:08:17","guid":{"rendered":"https:\/\/fil-avocats.com\/?page_id=349"},"modified":"2019-08-09T10:01:22","modified_gmt":"2019-08-09T08:01:22","slug":"la-republique-tcheque","status":"publish","type":"page","link":"https:\/\/fil-avocats.com\/fr\/la-republique-tcheque\/","title":{"rendered":"la R\u00e9publique tch\u00e8que"},"content":{"rendered":"[vc_row type=\u00a0\u00bbin_container\u00a0\u00bb full_screen_row_position=\u00a0\u00bbmiddle\u00a0\u00bb scene_position=\u00a0\u00bbcenter\u00a0\u00bb text_color=\u00a0\u00bbdark\u00a0\u00bb text_align=\u00a0\u00bbleft\u00a0\u00bb overlay_strength=\u00a0\u00bb0.3&Prime; shape_divider_position=\u00a0\u00bbbottom\u00a0\u00bb][vc_column column_padding=\u00a0\u00bbpadding-5-percent\u00a0\u00bb column_padding_position=\u00a0\u00bbright\u00a0\u00bb background_color_opacity=\u00a0\u00bb1&Prime; background_hover_color_opacity=\u00a0\u00bb1&Prime; column_link_target=\u00a0\u00bb_self\u00a0\u00bb column_shadow=\u00a0\u00bbnone\u00a0\u00bb column_border_radius=\u00a0\u00bbnone\u00a0\u00bb width=\u00a0\u00bb1\/1&Prime; tablet_width_inherit=\u00a0\u00bbdefault\u00a0\u00bb tablet_text_alignment=\u00a0\u00bbdefault\u00a0\u00bb phone_text_alignment=\u00a0\u00bbdefault\u00a0\u00bb column_border_width=\u00a0\u00bbnone\u00a0\u00bb column_border_style=\u00a0\u00bbsolid\u00a0\u00bb][vc_row_inner column_margin=\u00a0\u00bbdefault\u00a0\u00bb text_align=\u00a0\u00bbleft\u00a0\u00bb][vc_column_inner column_padding=\u00a0\u00bbno-extra-padding\u00a0\u00bb column_padding_position=\u00a0\u00bball\u00a0\u00bb background_color_opacity=\u00a0\u00bb1&Prime; background_hover_color_opacity=\u00a0\u00bb1&Prime; column_shadow=\u00a0\u00bbnone\u00a0\u00bb column_border_radius=\u00a0\u00bbnone\u00a0\u00bb column_link_target=\u00a0\u00bb_self\u00a0\u00bb width=\u00a0\u00bb1\/2&Prime; tablet_width_inherit=\u00a0\u00bbdefault\u00a0\u00bb column_border_width=\u00a0\u00bbnone\u00a0\u00bb column_border_style=\u00a0\u00bbsolid\u00a0\u00bb][vc_raw_html]JTNDZGl2JTIwc3R5bGUlM0QlMjJ3aWR0aCUzQSUyMGF1dG8lM0IlMjBoZWlnaHQlM0ElMjBhdXRvJTNCJTIyJTNFJTBBJTA5JTNDZGl2JTIwc3R5bGUlM0QlMjJjbGVhciUzQSUyMGJvdGglM0IlMjIlM0UlMEElMDklM0MlMkZkaXYlM0UlMEElM0NkaXYlMjBzdHlsZSUzRCUyMmZsb2F0JTNBJTIwbGVmdCUzQiUyMiUzRSUwQSUwOSUzQ2ElMjBocmVmJTNEJTIyaHR0cHMlM0ElMkYlMkZiYXJ0aGVsZW15LmN6JTJGZW4lMkZ0ZWFtJTJGbHVrYXMtanVyYXNlayUyMiUzRSUzQ2ltZyUyMHN0eWxlJTNEJTIyd2lkdGglM0ElMjAxMjBweCUzQiUyMHBhZGRpbmctcmlnaHQlM0ElMjAxMHB4JTNCJTIyJTIwc3JjJTNEJTIyaHR0cHMlM0ElMkYlMkZmaWwtYXZvY2F0cy5jb20lMkZ3cC1jb250ZW50JTJGdXBsb2FkcyUyRjIwMTklMkYwNCUyRmx1a2FzLXdlYi5qcGclMjIlMjBhbHQlM0QlMjJMdWslQzMlQTElQzUlQTElMjBKVVIlQzMlODFTRUslMjIlMjAlMkYlM0UlM0MlMkZhJTNFJTBBJTNDJTJGZGl2JTNFJTBBJTNDZGl2JTIwc3R5bGUlM0QlMjJhbGlnbiUzQSUyMHJpZ2h0JTNCJTIyJTNFJTBBQXZvY2F0JTIwQXNzb2NpJUMzJUE5JTNDYnIlM0UlMEElM0NzdHJvbmclM0VMdWslQzMlQTElQzUlQTElMjBKVVIlQzMlODFTRUslM0MlMkZzdHJvbmclM0UlM0NiciUzRSUwQUVtYWlsJTNBJTIwJTNDYSUyMGhyZWYlM0QlMjJtYWlsdG8lM0FsdWthcy5qdXJhc2VrJTQwYmFydGhlbGVteS5jeiUyMiUzRWx1a2FzLmp1cmFzZWslNDBiYXJ0aGVsZW15LmN6JTNDJTJGYSUzRSUzQ2JyJTNFJTBBVCVDMyVBOWwlM0ElMjAlM0NhJTIwaHJlZiUzRCUyMnRlbCUzQSUyQjQyMDIyMDU4MDAwMyUyMiUzRSUyQjQyMCUyMDIyMCUyMDU4MCUyMDAwMyUyMCUzQyUyRmElM0UlMEElM0MlMkZkaXYlM0UlMEElMDklM0NkaXYlMjBzdHlsZSUzRCUyMmNsZWFyJTNBJTIwYm90aCUzQiUyMiUzRSUwQSUwOSUzQyUyRmRpdiUzRSUwQSUzQyUyRmRpdiUzRQ==[\/vc_raw_html][\/vc_column_inner][vc_column_inner column_padding=\u00a0\u00bbno-extra-padding\u00a0\u00bb column_padding_position=\u00a0\u00bball\u00a0\u00bb background_color_opacity=\u00a0\u00bb1&Prime; background_hover_color_opacity=\u00a0\u00bb1&Prime; column_shadow=\u00a0\u00bbnone\u00a0\u00bb column_border_radius=\u00a0\u00bbnone\u00a0\u00bb column_link_target=\u00a0\u00bb_self\u00a0\u00bb width=\u00a0\u00bb1\/2&Prime; tablet_width_inherit=\u00a0\u00bbdefault\u00a0\u00bb column_border_width=\u00a0\u00bbnone\u00a0\u00bb column_border_style=\u00a0\u00bbsolid\u00a0\u00bb][vc_column_text]<strong>Barthelemy &amp; Partners<\/strong><br \/>\nN\u00e1rodn\u00ed 58\/32, Nov\u00e9 M\u011bsto<br \/>\n110 00 Prague 1<br \/>\nPal\u00e1c Chicago &#8211; entrance from Charv\u00e1tova street<br \/>\nT\u00e9l: +420 220 580 003<br \/>\nEmail:<br \/>\n<a href=\"mailto:lu***********@********my.cz\" data-original-string=\"nhwxpVA7i6117n9Z8qd5gQ==90c13yq11\/98Vk+wAzu5TeFSXr314h7LIBUMIv2AQxURMU=\" title=\"This contact has been encoded by Anti-Spam by CleanTalk. Click to decode. To finish the decoding make sure that JavaScript is enabled in your browser.\"><span \n                data-original-string='yCT3yLsX0eAF6IUZEaPJnQ==90c2mnhUOXpq70s5UY4W\/G6B97fq6yZTcWXL\/zXmZZ+KL8='\n                class='apbct-email-encoder'\n                title='This contact has been encoded by Anti-Spam by CleanTalk. Click to decode. To finish the decoding make sure that JavaScript is enabled in your browser.'>lu<span class=\"apbct-blur\">***********<\/span>@<span class=\"apbct-blur\">********<\/span>my.cz<\/span><\/a><br \/>\n<a href=\"https:\/\/barthelemy.cz\/en\">www.barthelemy.cz<\/a><\/p>\n<p><img loading=\"lazy\" decoding=\"async\" class=\"alignnone size-full wp-image-353\" src=\"https:\/\/fil-avocats.com\/wp-content\/uploads\/2019\/04\/barthelemy-partners-logo-small.png\" alt=\"\" width=\"200\" height=\"86\" \/>[\/vc_column_text][\/vc_column_inner][\/vc_row_inner][\/vc_column][\/vc_row][vc_row type=\u00a0\u00bbin_container\u00a0\u00bb full_screen_row_position=\u00a0\u00bbmiddle\u00a0\u00bb scene_position=\u00a0\u00bbcenter\u00a0\u00bb text_color=\u00a0\u00bbdark\u00a0\u00bb text_align=\u00a0\u00bbleft\u00a0\u00bb overlay_strength=\u00a0\u00bb0.3&Prime; shape_divider_position=\u00a0\u00bbbottom\u00a0\u00bb][vc_column column_padding=\u00a0\u00bbno-extra-padding\u00a0\u00bb column_padding_position=\u00a0\u00bball\u00a0\u00bb background_color_opacity=\u00a0\u00bb1&Prime; background_hover_color_opacity=\u00a0\u00bb1&Prime; column_link_target=\u00a0\u00bb_self\u00a0\u00bb column_shadow=\u00a0\u00bbnone\u00a0\u00bb column_border_radius=\u00a0\u00bbnone\u00a0\u00bb width=\u00a0\u00bb1\/1&Prime; tablet_width_inherit=\u00a0\u00bbdefault\u00a0\u00bb tablet_text_alignment=\u00a0\u00bbdefault\u00a0\u00bb phone_text_alignment=\u00a0\u00bbdefault\u00a0\u00bb column_border_width=\u00a0\u00bbnone\u00a0\u00bb column_border_style=\u00a0\u00bbsolid\u00a0\u00bb][divider line_type=\u00a0\u00bbFull Width Line\u00a0\u00bb line_thickness=\u00a0\u00bb1&Prime; divider_color=\u00a0\u00bbextra-color-2&Prime; custom_height=\u00a0\u00bb20&Prime;][\/vc_column][\/vc_row][vc_row type=\u00a0\u00bbin_container\u00a0\u00bb full_screen_row_position=\u00a0\u00bbmiddle\u00a0\u00bb scene_position=\u00a0\u00bbcenter\u00a0\u00bb text_color=\u00a0\u00bbdark\u00a0\u00bb text_align=\u00a0\u00bbleft\u00a0\u00bb overlay_strength=\u00a0\u00bb0.3&Prime; shape_divider_position=\u00a0\u00bbbottom\u00a0\u00bb][vc_column column_padding=\u00a0\u00bbno-extra-padding\u00a0\u00bb column_padding_position=\u00a0\u00bball\u00a0\u00bb background_color_opacity=\u00a0\u00bb1&Prime; background_hover_color_opacity=\u00a0\u00bb1&Prime; column_link_target=\u00a0\u00bb_self\u00a0\u00bb column_shadow=\u00a0\u00bbnone\u00a0\u00bb column_border_radius=\u00a0\u00bbnone\u00a0\u00bb width=\u00a0\u00bb1\/1&Prime; tablet_width_inherit=\u00a0\u00bbdefault\u00a0\u00bb tablet_text_alignment=\u00a0\u00bbdefault\u00a0\u00bb phone_text_alignment=\u00a0\u00bbdefault\u00a0\u00bb column_border_width=\u00a0\u00bbnone\u00a0\u00bb column_border_style=\u00a0\u00bbsolid\u00a0\u00bb][vc_column_text]Lukas JURASEK (1973), ancien \u00e9l\u00e8ve du Lyc\u00e9e Carnot de Dijon, dipl\u00f4m\u00e9 de la Facult\u00e9 de Droit de l\u2019Universit\u00e9 Masaryk de Brno (2000). D\u00e8s 2000, il collabore au sein de deux cabinets d\u2019avocats (Brno et Prague). Depuis 2003, il travaille au d\u00e9partement juridique d\u2019une banque et, depuis 2004, il occupe la position de juriste chef d\u2019une soci\u00e9t\u00e9 commerciale.<\/p>\n<p>En 2005, il est inscrit comme avocat au Barreau tch\u00e8que et passe l\u2019examen d\u2019Etat de traducteur en langue fran\u00e7aise. En 2005, il rejoint le cabinet d&rsquo;avocats prestigieux Vysko\u010dil, Kro\u0161l\u00e1k et Associ\u00e9s et y travaille en tant que collaborateur senior au sein de l\u2019\u00e9quipe de Eliska BARTHELEMY jusqu\u2019en 2018. En 2018, il fonde, avec ses collaborateurs de longue date, le Cabinet d&rsquo;avocats BARTHELEMY &amp; PARTNERS. Il se sp\u00e9cialise en disciplines du droit priv\u00e9 (droit immobilier, droit commercial).<\/p>\n<h4>Luk\u00e1\u0161 JUR\u00c1SEK <strong>intervient principalement dans les domaines suivants:<\/strong><\/h4>\n<ul>\n<li class=\"li3\"><span class=\"s3\">Droit immobilier et droit de la construction<\/span><\/li>\n<li class=\"li3\"><span class=\"s3\">Droit du commerce<\/span><\/li>\n<li class=\"li3\"><span class=\"s3\">Droit des soci\u00e9t\u00e9s<\/span><\/li>\n<\/ul>\n[\/vc_column_text][\/vc_column][\/vc_row]\n","protected":false},"excerpt":{"rendered":"<p>[vc_row type=\u00a0\u00bbin_container\u00a0\u00bb full_screen_row_position=\u00a0\u00bbmiddle\u00a0\u00bb scene_position=\u00a0\u00bbcenter\u00a0\u00bb text_color=\u00a0\u00bbdark\u00a0\u00bb text_align=\u00a0\u00bbleft\u00a0\u00bb overlay_strength=\u00a0\u00bb0.3&Prime; shape_divider_position=\u00a0\u00bbbottom\u00a0\u00bb][vc_column column_padding=\u00a0\u00bbpadding-5-percent\u00a0\u00bb column_padding_position=\u00a0\u00bbright\u00a0\u00bb background_color_opacity=\u00a0\u00bb1&Prime; background_hover_color_opacity=\u00a0\u00bb1&Prime; column_link_target=\u00a0\u00bb_self\u00a0\u00bb column_shadow=\u00a0\u00bbnone\u00a0\u00bb column_border_radius=\u00a0\u00bbnone\u00a0\u00bb width=\u00a0\u00bb1\/1&Prime; tablet_width_inherit=\u00a0\u00bbdefault\u00a0\u00bb tablet_text_alignment=\u00a0\u00bbdefault\u00a0\u00bb phone_text_alignment=\u00a0\u00bbdefault\u00a0\u00bb column_border_width=\u00a0\u00bbnone\u00a0\u00bb column_border_style=\u00a0\u00bbsolid\u00a0\u00bb][vc_row_inner column_margin=\u00a0\u00bbdefault\u00a0\u00bb text_align=\u00a0\u00bbleft\u00a0\u00bb][vc_column_inner column_padding=\u00a0\u00bbno-extra-padding\u00a0\u00bb column_padding_position=\u00a0\u00bball\u00a0\u00bb background_color_opacity=\u00a0\u00bb1&Prime; background_hover_color_opacity=\u00a0\u00bb1&Prime; column_shadow=\u00a0\u00bbnone\u00a0\u00bb column_border_radius=\u00a0\u00bbnone\u00a0\u00bb column_link_target=\u00a0\u00bb_self\u00a0\u00bb&#8230;<\/p>\n","protected":false},"author":1,"featured_media":0,"parent":0,"menu_order":0,"comment_status":"closed","ping_status":"closed","template":"page-sidebar.php","meta":{"footnotes":""},"class_list":["post-349","page","type-page","status-publish"],"yoast_head":"<!-- This site is optimized with the Yoast SEO plugin v27.4 - https:\/\/yoast.com\/product\/yoast-seo-wordpress\/ -->\n<title>la R\u00e9publique tch\u00e8que - FIL - French-speaking International Lawyers<\/title>\n<meta name=\"robots\" content=\"index, follow, max-snippet:-1, max-image-preview:large, max-video-preview:-1\" \/>\n<link rel=\"canonical\" href=\"https:\/\/fil-avocats.com\/the-czech-republic\/\" \/>\n<meta property=\"og:locale\" content=\"fr_FR\" \/>\n<meta property=\"og:type\" content=\"article\" \/>\n<meta property=\"og:title\" content=\"la R\u00e9publique tch\u00e8que - FIL - French-speaking International Lawyers\" \/>\n<meta property=\"og:description\" content=\"[vc_row type=\u00a0\u00bbin_container\u00a0\u00bb full_screen_row_position=\u00a0\u00bbmiddle\u00a0\u00bb scene_position=\u00a0\u00bbcenter\u00a0\u00bb text_color=\u00a0\u00bbdark\u00a0\u00bb text_align=\u00a0\u00bbleft\u00a0\u00bb overlay_strength=\u00a0\u00bb0.3&Prime; shape_divider_position=\u00a0\u00bbbottom\u00a0\u00bb][vc_column column_padding=\u00a0\u00bbpadding-5-percent\u00a0\u00bb column_padding_position=\u00a0\u00bbright\u00a0\u00bb background_color_opacity=\u00a0\u00bb1&Prime; background_hover_color_opacity=\u00a0\u00bb1&Prime; column_link_target=\u00a0\u00bb_self\u00a0\u00bb column_shadow=\u00a0\u00bbnone\u00a0\u00bb column_border_radius=\u00a0\u00bbnone\u00a0\u00bb width=\u00a0\u00bb1\/1&Prime; tablet_width_inherit=\u00a0\u00bbdefault\u00a0\u00bb tablet_text_alignment=\u00a0\u00bbdefault\u00a0\u00bb phone_text_alignment=\u00a0\u00bbdefault\u00a0\u00bb column_border_width=\u00a0\u00bbnone\u00a0\u00bb column_border_style=\u00a0\u00bbsolid\u00a0\u00bb][vc_row_inner column_margin=\u00a0\u00bbdefault\u00a0\u00bb text_align=\u00a0\u00bbleft\u00a0\u00bb][vc_column_inner column_padding=\u00a0\u00bbno-extra-padding\u00a0\u00bb column_padding_position=\u00a0\u00bball\u00a0\u00bb background_color_opacity=\u00a0\u00bb1&Prime; background_hover_color_opacity=\u00a0\u00bb1&Prime; column_shadow=\u00a0\u00bbnone\u00a0\u00bb column_border_radius=\u00a0\u00bbnone\u00a0\u00bb column_link_target=\u00a0\u00bb_self\u00a0\u00bb...\" \/>\n<meta property=\"og:url\" content=\"https:\/\/fil-avocats.com\/the-czech-republic\/\" \/>\n<meta property=\"og:site_name\" content=\"FIL - French-speaking International Lawyers\" \/>\n<meta property=\"article:modified_time\" content=\"2019-08-09T08:01:22+00:00\" \/>\n<meta property=\"og:image\" content=\"https:\/\/fil-avocats.com\/wp-content\/uploads\/2019\/04\/barthelemy-partners-logo-small.png\" \/>\n<meta name=\"twitter:card\" content=\"summary_large_image\" \/>\n<meta name=\"twitter:label1\" content=\"Dur\u00e9e de lecture estim\u00e9e\" \/>\n\t<meta name=\"twitter:data1\" content=\"3 minutes\" \/>\n<script type=\"application\/ld+json\" class=\"yoast-schema-graph\">{\"@context\":\"https:\\\/\\\/schema.org\",\"@graph\":[{\"@type\":\"WebPage\",\"@id\":\"https:\\\/\\\/fil-avocats.com\\\/the-czech-republic\\\/\",\"url\":\"https:\\\/\\\/fil-avocats.com\\\/the-czech-republic\\\/\",\"name\":\"la R\u00e9publique tch\u00e8que - FIL - French-speaking International Lawyers\",\"isPartOf\":{\"@id\":\"https:\\\/\\\/fil-avocats.com\\\/#website\"},\"primaryImageOfPage\":{\"@id\":\"https:\\\/\\\/fil-avocats.com\\\/the-czech-republic\\\/#primaryimage\"},\"image\":{\"@id\":\"https:\\\/\\\/fil-avocats.com\\\/the-czech-republic\\\/#primaryimage\"},\"thumbnailUrl\":\"https:\\\/\\\/fil-avocats.com\\\/wp-content\\\/uploads\\\/2019\\\/04\\\/barthelemy-partners-logo-small.png\",\"datePublished\":\"2019-04-25T11:08:17+00:00\",\"dateModified\":\"2019-08-09T08:01:22+00:00\",\"breadcrumb\":{\"@id\":\"https:\\\/\\\/fil-avocats.com\\\/the-czech-republic\\\/#breadcrumb\"},\"inLanguage\":\"fr-FR\",\"potentialAction\":[{\"@type\":\"ReadAction\",\"target\":[\"https:\\\/\\\/fil-avocats.com\\\/the-czech-republic\\\/\"]}]},{\"@type\":\"ImageObject\",\"inLanguage\":\"fr-FR\",\"@id\":\"https:\\\/\\\/fil-avocats.com\\\/the-czech-republic\\\/#primaryimage\",\"url\":\"https:\\\/\\\/fil-avocats.com\\\/wp-content\\\/uploads\\\/2019\\\/04\\\/barthelemy-partners-logo-small.png\",\"contentUrl\":\"https:\\\/\\\/fil-avocats.com\\\/wp-content\\\/uploads\\\/2019\\\/04\\\/barthelemy-partners-logo-small.png\"},{\"@type\":\"BreadcrumbList\",\"@id\":\"https:\\\/\\\/fil-avocats.com\\\/the-czech-republic\\\/#breadcrumb\",\"itemListElement\":[{\"@type\":\"ListItem\",\"position\":1,\"name\":\"Home\",\"item\":\"https:\\\/\\\/fil-avocats.com\\\/\"},{\"@type\":\"ListItem\",\"position\":2,\"name\":\"la R\u00e9publique tch\u00e8que\"}]},{\"@type\":\"WebSite\",\"@id\":\"https:\\\/\\\/fil-avocats.com\\\/#website\",\"url\":\"https:\\\/\\\/fil-avocats.com\\\/\",\"name\":\"FIL - French-speaking International Lawyers\",\"description\":\"A global network of French-speaking lawyers\",\"potentialAction\":[{\"@type\":\"SearchAction\",\"target\":{\"@type\":\"EntryPoint\",\"urlTemplate\":\"https:\\\/\\\/fil-avocats.com\\\/?s={search_term_string}\"},\"query-input\":{\"@type\":\"PropertyValueSpecification\",\"valueRequired\":true,\"valueName\":\"search_term_string\"}}],\"inLanguage\":\"fr-FR\"}]}<\/script>\n<!-- \/ Yoast SEO plugin. -->","yoast_head_json":{"title":"la R\u00e9publique tch\u00e8que - FIL - French-speaking International Lawyers","robots":{"index":"index","follow":"follow","max-snippet":"max-snippet:-1","max-image-preview":"max-image-preview:large","max-video-preview":"max-video-preview:-1"},"canonical":"https:\/\/fil-avocats.com\/the-czech-republic\/","og_locale":"fr_FR","og_type":"article","og_title":"la R\u00e9publique tch\u00e8que - FIL - French-speaking International Lawyers","og_description":"[vc_row type=\u00a0\u00bbin_container\u00a0\u00bb full_screen_row_position=\u00a0\u00bbmiddle\u00a0\u00bb scene_position=\u00a0\u00bbcenter\u00a0\u00bb text_color=\u00a0\u00bbdark\u00a0\u00bb text_align=\u00a0\u00bbleft\u00a0\u00bb overlay_strength=\u00a0\u00bb0.3&Prime; shape_divider_position=\u00a0\u00bbbottom\u00a0\u00bb][vc_column column_padding=\u00a0\u00bbpadding-5-percent\u00a0\u00bb column_padding_position=\u00a0\u00bbright\u00a0\u00bb background_color_opacity=\u00a0\u00bb1&Prime; background_hover_color_opacity=\u00a0\u00bb1&Prime; column_link_target=\u00a0\u00bb_self\u00a0\u00bb column_shadow=\u00a0\u00bbnone\u00a0\u00bb column_border_radius=\u00a0\u00bbnone\u00a0\u00bb width=\u00a0\u00bb1\/1&Prime; tablet_width_inherit=\u00a0\u00bbdefault\u00a0\u00bb tablet_text_alignment=\u00a0\u00bbdefault\u00a0\u00bb phone_text_alignment=\u00a0\u00bbdefault\u00a0\u00bb column_border_width=\u00a0\u00bbnone\u00a0\u00bb column_border_style=\u00a0\u00bbsolid\u00a0\u00bb][vc_row_inner column_margin=\u00a0\u00bbdefault\u00a0\u00bb text_align=\u00a0\u00bbleft\u00a0\u00bb][vc_column_inner column_padding=\u00a0\u00bbno-extra-padding\u00a0\u00bb column_padding_position=\u00a0\u00bball\u00a0\u00bb background_color_opacity=\u00a0\u00bb1&Prime; background_hover_color_opacity=\u00a0\u00bb1&Prime; column_shadow=\u00a0\u00bbnone\u00a0\u00bb column_border_radius=\u00a0\u00bbnone\u00a0\u00bb column_link_target=\u00a0\u00bb_self\u00a0\u00bb...","og_url":"https:\/\/fil-avocats.com\/the-czech-republic\/","og_site_name":"FIL - French-speaking International Lawyers","article_modified_time":"2019-08-09T08:01:22+00:00","og_image":[{"url":"https:\/\/fil-avocats.com\/wp-content\/uploads\/2019\/04\/barthelemy-partners-logo-small.png","type":"","width":"","height":""}],"twitter_card":"summary_large_image","twitter_misc":{"Dur\u00e9e de lecture estim\u00e9e":"3 minutes"},"schema":{"@context":"https:\/\/schema.org","@graph":[{"@type":"WebPage","@id":"https:\/\/fil-avocats.com\/the-czech-republic\/","url":"https:\/\/fil-avocats.com\/the-czech-republic\/","name":"la R\u00e9publique tch\u00e8que - FIL - French-speaking International Lawyers","isPartOf":{"@id":"https:\/\/fil-avocats.com\/#website"},"primaryImageOfPage":{"@id":"https:\/\/fil-avocats.com\/the-czech-republic\/#primaryimage"},"image":{"@id":"https:\/\/fil-avocats.com\/the-czech-republic\/#primaryimage"},"thumbnailUrl":"https:\/\/fil-avocats.com\/wp-content\/uploads\/2019\/04\/barthelemy-partners-logo-small.png","datePublished":"2019-04-25T11:08:17+00:00","dateModified":"2019-08-09T08:01:22+00:00","breadcrumb":{"@id":"https:\/\/fil-avocats.com\/the-czech-republic\/#breadcrumb"},"inLanguage":"fr-FR","potentialAction":[{"@type":"ReadAction","target":["https:\/\/fil-avocats.com\/the-czech-republic\/"]}]},{"@type":"ImageObject","inLanguage":"fr-FR","@id":"https:\/\/fil-avocats.com\/the-czech-republic\/#primaryimage","url":"https:\/\/fil-avocats.com\/wp-content\/uploads\/2019\/04\/barthelemy-partners-logo-small.png","contentUrl":"https:\/\/fil-avocats.com\/wp-content\/uploads\/2019\/04\/barthelemy-partners-logo-small.png"},{"@type":"BreadcrumbList","@id":"https:\/\/fil-avocats.com\/the-czech-republic\/#breadcrumb","itemListElement":[{"@type":"ListItem","position":1,"name":"Home","item":"https:\/\/fil-avocats.com\/"},{"@type":"ListItem","position":2,"name":"la R\u00e9publique tch\u00e8que"}]},{"@type":"WebSite","@id":"https:\/\/fil-avocats.com\/#website","url":"https:\/\/fil-avocats.com\/","name":"FIL - French-speaking International Lawyers","description":"A global network of French-speaking lawyers","potentialAction":[{"@type":"SearchAction","target":{"@type":"EntryPoint","urlTemplate":"https:\/\/fil-avocats.com\/?s={search_term_string}"},"query-input":{"@type":"PropertyValueSpecification","valueRequired":true,"valueName":"search_term_string"}}],"inLanguage":"fr-FR"}]}},"_links":{"self":[{"href":"https:\/\/fil-avocats.com\/fr\/wp-json\/wp\/v2\/pages\/349","targetHints":{"allow":["GET"]}}],"collection":[{"href":"https:\/\/fil-avocats.com\/fr\/wp-json\/wp\/v2\/pages"}],"about":[{"href":"https:\/\/fil-avocats.com\/fr\/wp-json\/wp\/v2\/types\/page"}],"author":[{"embeddable":true,"href":"https:\/\/fil-avocats.com\/fr\/wp-json\/wp\/v2\/users\/1"}],"replies":[{"embeddable":true,"href":"https:\/\/fil-avocats.com\/fr\/wp-json\/wp\/v2\/comments?post=349"}],"version-history":[{"count":6,"href":"https:\/\/fil-avocats.com\/fr\/wp-json\/wp\/v2\/pages\/349\/revisions"}],"predecessor-version":[{"id":463,"href":"https:\/\/fil-avocats.com\/fr\/wp-json\/wp\/v2\/pages\/349\/revisions\/463"}],"wp:attachment":[{"href":"https:\/\/fil-avocats.com\/fr\/wp-json\/wp\/v2\/media?parent=349"}],"curies":[{"name":"wp","href":"https:\/\/api.w.org\/{rel}","templated":true}]}}