{"id":448,"date":"2019-08-08T13:48:13","date_gmt":"2019-08-08T11:48:13","guid":{"rendered":"https:\/\/fil-avocats.com\/?page_id=448"},"modified":"2021-04-12T15:31:05","modified_gmt":"2021-04-12T13:31:05","slug":"bulgarie","status":"publish","type":"page","link":"https:\/\/fil-avocats.com\/fr\/bulgarie\/","title":{"rendered":"Bulgarie"},"content":{"rendered":"[vc_row type=\u00a0\u00bbin_container\u00a0\u00bb full_screen_row_position=\u00a0\u00bbmiddle\u00a0\u00bb column_margin=\u00a0\u00bbdefault\u00a0\u00bb scene_position=\u00a0\u00bbcenter\u00a0\u00bb text_color=\u00a0\u00bbdark\u00a0\u00bb text_align=\u00a0\u00bbleft\u00a0\u00bb overlay_strength=\u00a0\u00bb0.3&Prime; shape_divider_position=\u00a0\u00bbbottom\u00a0\u00bb bg_image_animation=\u00a0\u00bbnone\u00a0\u00bb][vc_column column_padding=\u00a0\u00bbpadding-5-percent\u00a0\u00bb column_padding_position=\u00a0\u00bbright\u00a0\u00bb background_color_opacity=\u00a0\u00bb1&Prime; background_hover_color_opacity=\u00a0\u00bb1&Prime; column_link_target=\u00a0\u00bb_self\u00a0\u00bb column_shadow=\u00a0\u00bbnone\u00a0\u00bb column_border_radius=\u00a0\u00bbnone\u00a0\u00bb width=\u00a0\u00bb1\/1&Prime; tablet_width_inherit=\u00a0\u00bbdefault\u00a0\u00bb tablet_text_alignment=\u00a0\u00bbdefault\u00a0\u00bb phone_text_alignment=\u00a0\u00bbdefault\u00a0\u00bb overlay_strength=\u00a0\u00bb0.3&Prime; column_border_width=\u00a0\u00bbnone\u00a0\u00bb column_border_style=\u00a0\u00bbsolid\u00a0\u00bb bg_image_animation=\u00a0\u00bbnone\u00a0\u00bb][vc_row_inner column_margin=\u00a0\u00bbdefault\u00a0\u00bb text_align=\u00a0\u00bbleft\u00a0\u00bb][vc_column_inner column_padding=\u00a0\u00bbno-extra-padding\u00a0\u00bb column_padding_position=\u00a0\u00bball\u00a0\u00bb background_color_opacity=\u00a0\u00bb1&Prime; background_hover_color_opacity=\u00a0\u00bb1&Prime; column_shadow=\u00a0\u00bbnone\u00a0\u00bb column_border_radius=\u00a0\u00bbnone\u00a0\u00bb column_link_target=\u00a0\u00bb_self\u00a0\u00bb width=\u00a0\u00bb1\/2&Prime; tablet_width_inherit=\u00a0\u00bbdefault\u00a0\u00bb overlay_strength=\u00a0\u00bb0.3&Prime; column_border_width=\u00a0\u00bbnone\u00a0\u00bb column_border_style=\u00a0\u00bbsolid\u00a0\u00bb bg_image_animation=\u00a0\u00bbnone\u00a0\u00bb][vc_raw_html]JTNDZGl2JTIwc3R5bGUlM0QlMjJ3aWR0aCUzQSUyMGF1dG8lM0IlMjBoZWlnaHQlM0ElMjBhdXRvJTNCJTIyJTNFJTBBJTA5JTNDZGl2JTIwc3R5bGUlM0QlMjJjbGVhciUzQSUyMGJvdGglM0IlMjIlM0UlMEElMDklM0MlMkZkaXYlM0UlMEElM0NkaXYlMjBzdHlsZSUzRCUyMmZsb2F0JTNBJTIwbGVmdCUzQiUyMiUzRSUwQSUwOSUzQ2ElMjBocmVmJTNEJTIyaHR0cHMlM0ElMkYlMkZhdm9jYXRmcmFuY2VidWxnYXJpZS5jb20lMkYlMjIlM0UlM0NpbWclMjBzdHlsZSUzRCUyMndpZHRoJTNBJTIwMTIwcHglM0IlMjBwYWRkaW5nLXJpZ2h0JTNBJTIwMTBweCUzQiUyMiUyMHNyYyUzRCUyMmh0dHBzJTNBJTJGJTJGZmlsLWF2b2NhdHMuY29tJTJGd3AtY29udGVudCUyRnVwbG9hZHMlMkYyMDE5JTJGMDglMkZidWxnYXJpYS1wb3J0cmFpdC5qcGclMjIlMjBhbHQlM0QlMjJMaWxpYW5hJTIwQmFrYXlva28lMjIlMjAlMkYlM0UlM0MlMkZhJTNFJTBBJTNDJTJGZGl2JTNFJTBBJTNDZGl2JTIwc3R5bGUlM0QlMjJhbGlnbiUzQSUyMHJpZ2h0JTNCJTIyJTNFJTBBQXZvY2F0JTNDYnIlM0UlMEElM0NzdHJvbmclM0VMaWxpYW5hJTIwQmFrYXlva28lM0MlMkZzdHJvbmclM0UlM0NiciUzRSUwQUVtYWlsJTNBJTIwJTNDYSUyMGhyZWYlM0QlMjJtYWlsdG8lM0FsaWxpYW5hLmJha2F5b2tvJTQwZ21haWwuY29tJTIyJTNFbGlsaWFuYS5iYWtheW9rbyU0MGdtYWlsLmNvbSUzQyUyRmElM0UlM0NiciUzRSUwQVQlQzMlQTlsJTNBJTIwJTNDYSUyMGhyZWYlM0QlMjJ0ZWwlM0ElMkIzNTk4NzgyODQxMDYlMjIlM0UlMjglMkIzNTklMjklMjA4NzglMjAyODQlMjAxMDYlM0MlMkZhJTNFJTBBJTNDJTJGZGl2JTNFJTBBJTA5JTNDZGl2JTIwc3R5bGUlM0QlMjJjbGVhciUzQSUyMGJvdGglM0IlMjIlM0UlMEElMDklM0MlMkZkaXYlM0UlMEElM0MlMkZkaXYlM0UlMEElMEE=[\/vc_raw_html][\/vc_column_inner][vc_column_inner column_padding=\u00a0\u00bbno-extra-padding\u00a0\u00bb column_padding_position=\u00a0\u00bball\u00a0\u00bb background_color_opacity=\u00a0\u00bb1&Prime; background_hover_color_opacity=\u00a0\u00bb1&Prime; column_shadow=\u00a0\u00bbnone\u00a0\u00bb column_border_radius=\u00a0\u00bbnone\u00a0\u00bb column_link_target=\u00a0\u00bb_self\u00a0\u00bb width=\u00a0\u00bb1\/2&Prime; tablet_width_inherit=\u00a0\u00bbdefault\u00a0\u00bb overlay_strength=\u00a0\u00bb0.3&Prime; column_border_width=\u00a0\u00bbnone\u00a0\u00bb column_border_style=\u00a0\u00bbsolid\u00a0\u00bb bg_image_animation=\u00a0\u00bbnone\u00a0\u00bb][vc_column_text]<strong>Liliana Bakayoko<\/strong><br \/>\nMladost 1, b. 51, entr\u00e9e 2, app. 11<br \/>\nSofia 1784<br \/>\nBulgarie<br \/>\nT\u00e9l: (+359) 878 284 106<br \/>\nEmail:<br \/>\n<a href=\"mailto:li**************@***il.com\" data-original-string=\"3CuhMwmp87UMqnG1fdgy+w==90cOHIkGw5\/VthtZ9zKeFooErg5LkT5jX5gCvovRrpePtg=\" title=\"This contact has been encoded by Anti-Spam by CleanTalk. Click to decode. To finish the decoding make sure that JavaScript is enabled in your browser.\"><span \n                data-original-string='lQjk8ESgfmS93bAD4LaZ8g==90cGa7lyPiaBKcrJtydqESa1PJSGj50anRSUi5MoHUuiGo='\n                class='apbct-email-encoder'\n                title='This contact has been encoded by Anti-Spam by CleanTalk. Click to decode. To finish the decoding make sure that JavaScript is enabled in your browser.'>li<span class=\"apbct-blur\">**************<\/span>@<span class=\"apbct-blur\">***<\/span>il.com<\/span><\/a><br \/>\n<a href=\"https:\/\/liliana-bakayoko-avocat.com\">https:\/\/liliana-bakayoko-avocat.com<\/a><\/p>\n<p><img decoding=\"async\" src=\"https:\/\/fil-avocats.com\/wp-content\/uploads\/2019\/08\/bulgaria-logo2.jpg\" alt=\"\" \/>[\/vc_column_text][\/vc_column_inner][\/vc_row_inner][\/vc_column][\/vc_row][vc_row type=\u00a0\u00bbin_container\u00a0\u00bb full_screen_row_position=\u00a0\u00bbmiddle\u00a0\u00bb column_margin=\u00a0\u00bbdefault\u00a0\u00bb scene_position=\u00a0\u00bbcenter\u00a0\u00bb text_color=\u00a0\u00bbdark\u00a0\u00bb text_align=\u00a0\u00bbleft\u00a0\u00bb overlay_strength=\u00a0\u00bb0.3&Prime; shape_divider_position=\u00a0\u00bbbottom\u00a0\u00bb bg_image_animation=\u00a0\u00bbnone\u00a0\u00bb][vc_column column_padding=\u00a0\u00bbno-extra-padding\u00a0\u00bb column_padding_position=\u00a0\u00bball\u00a0\u00bb background_color_opacity=\u00a0\u00bb1&Prime; background_hover_color_opacity=\u00a0\u00bb1&Prime; column_link_target=\u00a0\u00bb_self\u00a0\u00bb column_shadow=\u00a0\u00bbnone\u00a0\u00bb column_border_radius=\u00a0\u00bbnone\u00a0\u00bb width=\u00a0\u00bb1\/1&Prime; tablet_width_inherit=\u00a0\u00bbdefault\u00a0\u00bb tablet_text_alignment=\u00a0\u00bbdefault\u00a0\u00bb phone_text_alignment=\u00a0\u00bbdefault\u00a0\u00bb overlay_strength=\u00a0\u00bb0.3&Prime; column_border_width=\u00a0\u00bbnone\u00a0\u00bb column_border_style=\u00a0\u00bbsolid\u00a0\u00bb bg_image_animation=\u00a0\u00bbnone\u00a0\u00bb][divider line_type=\u00a0\u00bbFull Width Line\u00a0\u00bb line_thickness=\u00a0\u00bb1&Prime; divider_color=\u00a0\u00bbextra-color-2&Prime; custom_height=\u00a0\u00bb20&Prime;][\/vc_column][\/vc_row][vc_row type=\u00a0\u00bbin_container\u00a0\u00bb full_screen_row_position=\u00a0\u00bbmiddle\u00a0\u00bb column_margin=\u00a0\u00bbdefault\u00a0\u00bb scene_position=\u00a0\u00bbcenter\u00a0\u00bb text_color=\u00a0\u00bbdark\u00a0\u00bb text_align=\u00a0\u00bbleft\u00a0\u00bb overlay_strength=\u00a0\u00bb0.3&Prime; shape_divider_position=\u00a0\u00bbbottom\u00a0\u00bb bg_image_animation=\u00a0\u00bbnone\u00a0\u00bb][vc_column column_padding=\u00a0\u00bbno-extra-padding\u00a0\u00bb column_padding_position=\u00a0\u00bball\u00a0\u00bb background_color_opacity=\u00a0\u00bb1&Prime; background_hover_color_opacity=\u00a0\u00bb1&Prime; column_link_target=\u00a0\u00bb_self\u00a0\u00bb column_shadow=\u00a0\u00bbnone\u00a0\u00bb column_border_radius=\u00a0\u00bbnone\u00a0\u00bb width=\u00a0\u00bb1\/1&Prime; tablet_width_inherit=\u00a0\u00bbdefault\u00a0\u00bb tablet_text_alignment=\u00a0\u00bbdefault\u00a0\u00bb phone_text_alignment=\u00a0\u00bbdefault\u00a0\u00bb overlay_strength=\u00a0\u00bb0.3&Prime; column_border_width=\u00a0\u00bbnone\u00a0\u00bb column_border_style=\u00a0\u00bbsolid\u00a0\u00bb bg_image_animation=\u00a0\u00bbnone\u00a0\u00bb][vc_column_text]Cr\u00e9\u00e9 \u00e0 Sofia en 2011, le cabinet d\u2019avocats de Liliana Bakayoko intervient principalement au b\u00e9n\u00e9fice d\u2019entreprises et de particuliers francophones, anglophones et bulgarophones, en associant un tr\u00e8s haut degr\u00e9 de professionnalisme \u00e0 une approche essentiellement humaine et une profonde connaissance aussi bien de la culture fran\u00e7aise que de la culture bulgare.<\/p>\n<p>Liliana Bakayoko est bilingue fran\u00e7ais\/bulgare, et elle ma\u00eetrise parfaitement l\u2019anglais. Elle est \u00e0 la fois un praticien et un th\u00e9oricien du droit, et elle poss\u00e8de une triple exp\u00e9rience professionnelle, acquise aussi bien en France qu\u2019en Bulgarie\u00a0: en compl\u00e9ment \u00e0 l\u2019exercice de sa profession d\u2019avocat (au Barreau de Paris et au Barreau de Sofia), elle a enseign\u00e9 le droit pendant dix ans, en fran\u00e7ais et en anglais, dans des \u00e9tablissements d\u2019enseignement sup\u00e9rieur \u00e0 Paris. Elle est l\u2019auteur du livre L\u2019engagement en droit (L\u2019individuation et le Code civil au XXI \u00e8m\u0435 si\u00e8cle), 445 p., publi\u00e9 aux \u00c9ditions Publibook Universit\u00e9 (Paris).<\/p>\n<p>En 2019, Liliana Bakayoko a \u00e9t\u00e9 \u00e9lue Pr\u00e9sident de l\u2019Association des avocats francophones, \u00e9tablie en Bulgarie.<\/p>\n<h4><strong>Liliana Bakayoko intervient principalement dans les domaines suivants:<\/strong><\/h4>\n<p>Le cabinet d\u2019avocats de Liliana Bakayoko\u00a0assiste ses clients dans les domaines aussi bien du\u00a0droit bulgare\u00a0que du\u00a0droit fran\u00e7ais,\u00a0et assure une repr\u00e9sentation juridique devant les juridictions bulgares et les tribunaux fran\u00e7ais, principalement dans les domaines suivants\u00a0: droit des affaires, droit des soci\u00e9t\u00e9s, droit international priv\u00e9, droit fiscal, droit de la concurrence, droit de l\u2019\u00e9nergie, droit de la propri\u00e9t\u00e9<br \/>\nintellectuelle, droit civil, droit de la famille, droit des biens, droit de la consommation, droit du travail, droit des march\u00e9s publics, droit europ\u00e9en, droit processuel et arbitrage.<\/p>\n<p>Liliana Bakayoko travaille en coop\u00e9ration avec de nombreux avocats \u00e9tablis, pour certains &#8211; en Bulgarie, pour d\u2019autres \u2013 en France.<\/p>\n<p>Gr\u00e2ce \u00e0 son encrage multiculturel, le cabinet fournit des services juridiques extr\u00eamement bien adapt\u00e9s aux besoins de sa client\u00e8le, en apportant des solutions juridiques optimales et efficaces. Pour plus d\u2019informations, veuillez consulter le site Internet du cabinet, https:\/\/avocatfrancebulgarie.com.[\/vc_column_text][\/vc_column][\/vc_row]\n","protected":false},"excerpt":{"rendered":"<p>[vc_row type=\u00a0\u00bbin_container\u00a0\u00bb full_screen_row_position=\u00a0\u00bbmiddle\u00a0\u00bb column_margin=\u00a0\u00bbdefault\u00a0\u00bb scene_position=\u00a0\u00bbcenter\u00a0\u00bb text_color=\u00a0\u00bbdark\u00a0\u00bb text_align=\u00a0\u00bbleft\u00a0\u00bb overlay_strength=\u00a0\u00bb0.3&Prime; shape_divider_position=\u00a0\u00bbbottom\u00a0\u00bb bg_image_animation=\u00a0\u00bbnone\u00a0\u00bb][vc_column column_padding=\u00a0\u00bbpadding-5-percent\u00a0\u00bb column_padding_position=\u00a0\u00bbright\u00a0\u00bb background_color_opacity=\u00a0\u00bb1&Prime; background_hover_color_opacity=\u00a0\u00bb1&Prime; column_link_target=\u00a0\u00bb_self\u00a0\u00bb column_shadow=\u00a0\u00bbnone\u00a0\u00bb column_border_radius=\u00a0\u00bbnone\u00a0\u00bb width=\u00a0\u00bb1\/1&Prime; tablet_width_inherit=\u00a0\u00bbdefault\u00a0\u00bb tablet_text_alignment=\u00a0\u00bbdefault\u00a0\u00bb phone_text_alignment=\u00a0\u00bbdefault\u00a0\u00bb overlay_strength=\u00a0\u00bb0.3&Prime; column_border_width=\u00a0\u00bbnone\u00a0\u00bb column_border_style=\u00a0\u00bbsolid\u00a0\u00bb bg_image_animation=\u00a0\u00bbnone\u00a0\u00bb][vc_row_inner column_margin=\u00a0\u00bbdefault\u00a0\u00bb text_align=\u00a0\u00bbleft\u00a0\u00bb][vc_column_inner column_padding=\u00a0\u00bbno-extra-padding\u00a0\u00bb column_padding_position=\u00a0\u00bball\u00a0\u00bb background_color_opacity=\u00a0\u00bb1&Prime;&#8230;<\/p>\n","protected":false},"author":1,"featured_media":0,"parent":0,"menu_order":0,"comment_status":"closed","ping_status":"closed","template":"page-sidebar.php","meta":{"footnotes":""},"class_list":["post-448","page","type-page","status-publish"],"yoast_head":"<!-- This site is optimized with the Yoast SEO plugin v27.4 - https:\/\/yoast.com\/product\/yoast-seo-wordpress\/ -->\n<title>Bulgarie - FIL - French-speaking International Lawyers<\/title>\n<meta name=\"robots\" content=\"index, follow, max-snippet:-1, max-image-preview:large, max-video-preview:-1\" \/>\n<link rel=\"canonical\" href=\"https:\/\/fil-avocats.com\/bulgaria\/\" \/>\n<meta property=\"og:locale\" content=\"fr_FR\" \/>\n<meta property=\"og:type\" content=\"article\" \/>\n<meta property=\"og:title\" content=\"Bulgarie - FIL - French-speaking International Lawyers\" \/>\n<meta property=\"og:description\" content=\"[vc_row type=\u00a0\u00bbin_container\u00a0\u00bb full_screen_row_position=\u00a0\u00bbmiddle\u00a0\u00bb column_margin=\u00a0\u00bbdefault\u00a0\u00bb scene_position=\u00a0\u00bbcenter\u00a0\u00bb text_color=\u00a0\u00bbdark\u00a0\u00bb text_align=\u00a0\u00bbleft\u00a0\u00bb overlay_strength=\u00a0\u00bb0.3&Prime; shape_divider_position=\u00a0\u00bbbottom\u00a0\u00bb bg_image_animation=\u00a0\u00bbnone\u00a0\u00bb][vc_column column_padding=\u00a0\u00bbpadding-5-percent\u00a0\u00bb column_padding_position=\u00a0\u00bbright\u00a0\u00bb background_color_opacity=\u00a0\u00bb1&Prime; background_hover_color_opacity=\u00a0\u00bb1&Prime; column_link_target=\u00a0\u00bb_self\u00a0\u00bb column_shadow=\u00a0\u00bbnone\u00a0\u00bb column_border_radius=\u00a0\u00bbnone\u00a0\u00bb width=\u00a0\u00bb1\/1&Prime; tablet_width_inherit=\u00a0\u00bbdefault\u00a0\u00bb tablet_text_alignment=\u00a0\u00bbdefault\u00a0\u00bb phone_text_alignment=\u00a0\u00bbdefault\u00a0\u00bb overlay_strength=\u00a0\u00bb0.3&Prime; column_border_width=\u00a0\u00bbnone\u00a0\u00bb column_border_style=\u00a0\u00bbsolid\u00a0\u00bb bg_image_animation=\u00a0\u00bbnone\u00a0\u00bb][vc_row_inner column_margin=\u00a0\u00bbdefault\u00a0\u00bb text_align=\u00a0\u00bbleft\u00a0\u00bb][vc_column_inner column_padding=\u00a0\u00bbno-extra-padding\u00a0\u00bb column_padding_position=\u00a0\u00bball\u00a0\u00bb background_color_opacity=\u00a0\u00bb1&Prime;...\" \/>\n<meta property=\"og:url\" content=\"https:\/\/fil-avocats.com\/bulgaria\/\" \/>\n<meta property=\"og:site_name\" content=\"FIL - French-speaking International Lawyers\" \/>\n<meta property=\"article:modified_time\" content=\"2021-04-12T13:31:05+00:00\" \/>\n<meta property=\"og:image\" content=\"https:\/\/fil-avocats.com\/wp-content\/uploads\/2019\/08\/bulgaria-logo2.jpg\" \/>\n<meta name=\"twitter:card\" content=\"summary_large_image\" \/>\n<meta name=\"twitter:label1\" content=\"Dur\u00e9e de lecture estim\u00e9e\" \/>\n\t<meta name=\"twitter:data1\" content=\"4 minutes\" \/>\n<script type=\"application\/ld+json\" class=\"yoast-schema-graph\">{\"@context\":\"https:\\\/\\\/schema.org\",\"@graph\":[{\"@type\":\"WebPage\",\"@id\":\"https:\\\/\\\/fil-avocats.com\\\/bulgaria\\\/\",\"url\":\"https:\\\/\\\/fil-avocats.com\\\/bulgaria\\\/\",\"name\":\"Bulgarie - FIL - French-speaking International Lawyers\",\"isPartOf\":{\"@id\":\"https:\\\/\\\/fil-avocats.com\\\/#website\"},\"primaryImageOfPage\":{\"@id\":\"https:\\\/\\\/fil-avocats.com\\\/bulgaria\\\/#primaryimage\"},\"image\":{\"@id\":\"https:\\\/\\\/fil-avocats.com\\\/bulgaria\\\/#primaryimage\"},\"thumbnailUrl\":\"https:\\\/\\\/fil-avocats.com\\\/wp-content\\\/uploads\\\/2019\\\/08\\\/bulgaria-logo2.jpg\",\"datePublished\":\"2019-08-08T11:48:13+00:00\",\"dateModified\":\"2021-04-12T13:31:05+00:00\",\"breadcrumb\":{\"@id\":\"https:\\\/\\\/fil-avocats.com\\\/bulgaria\\\/#breadcrumb\"},\"inLanguage\":\"fr-FR\",\"potentialAction\":[{\"@type\":\"ReadAction\",\"target\":[\"https:\\\/\\\/fil-avocats.com\\\/bulgaria\\\/\"]}]},{\"@type\":\"ImageObject\",\"inLanguage\":\"fr-FR\",\"@id\":\"https:\\\/\\\/fil-avocats.com\\\/bulgaria\\\/#primaryimage\",\"url\":\"https:\\\/\\\/fil-avocats.com\\\/wp-content\\\/uploads\\\/2019\\\/08\\\/bulgaria-logo2.jpg\",\"contentUrl\":\"https:\\\/\\\/fil-avocats.com\\\/wp-content\\\/uploads\\\/2019\\\/08\\\/bulgaria-logo2.jpg\"},{\"@type\":\"BreadcrumbList\",\"@id\":\"https:\\\/\\\/fil-avocats.com\\\/bulgaria\\\/#breadcrumb\",\"itemListElement\":[{\"@type\":\"ListItem\",\"position\":1,\"name\":\"Home\",\"item\":\"https:\\\/\\\/fil-avocats.com\\\/\"},{\"@type\":\"ListItem\",\"position\":2,\"name\":\"Bulgarie\"}]},{\"@type\":\"WebSite\",\"@id\":\"https:\\\/\\\/fil-avocats.com\\\/#website\",\"url\":\"https:\\\/\\\/fil-avocats.com\\\/\",\"name\":\"FIL - French-speaking International Lawyers\",\"description\":\"A global network of French-speaking lawyers\",\"potentialAction\":[{\"@type\":\"SearchAction\",\"target\":{\"@type\":\"EntryPoint\",\"urlTemplate\":\"https:\\\/\\\/fil-avocats.com\\\/?s={search_term_string}\"},\"query-input\":{\"@type\":\"PropertyValueSpecification\",\"valueRequired\":true,\"valueName\":\"search_term_string\"}}],\"inLanguage\":\"fr-FR\"}]}<\/script>\n<!-- \/ Yoast SEO plugin. -->","yoast_head_json":{"title":"Bulgarie - FIL - French-speaking International Lawyers","robots":{"index":"index","follow":"follow","max-snippet":"max-snippet:-1","max-image-preview":"max-image-preview:large","max-video-preview":"max-video-preview:-1"},"canonical":"https:\/\/fil-avocats.com\/bulgaria\/","og_locale":"fr_FR","og_type":"article","og_title":"Bulgarie - FIL - French-speaking International Lawyers","og_description":"[vc_row type=\u00a0\u00bbin_container\u00a0\u00bb full_screen_row_position=\u00a0\u00bbmiddle\u00a0\u00bb column_margin=\u00a0\u00bbdefault\u00a0\u00bb scene_position=\u00a0\u00bbcenter\u00a0\u00bb text_color=\u00a0\u00bbdark\u00a0\u00bb text_align=\u00a0\u00bbleft\u00a0\u00bb overlay_strength=\u00a0\u00bb0.3&Prime; shape_divider_position=\u00a0\u00bbbottom\u00a0\u00bb bg_image_animation=\u00a0\u00bbnone\u00a0\u00bb][vc_column column_padding=\u00a0\u00bbpadding-5-percent\u00a0\u00bb column_padding_position=\u00a0\u00bbright\u00a0\u00bb background_color_opacity=\u00a0\u00bb1&Prime; background_hover_color_opacity=\u00a0\u00bb1&Prime; column_link_target=\u00a0\u00bb_self\u00a0\u00bb column_shadow=\u00a0\u00bbnone\u00a0\u00bb column_border_radius=\u00a0\u00bbnone\u00a0\u00bb width=\u00a0\u00bb1\/1&Prime; tablet_width_inherit=\u00a0\u00bbdefault\u00a0\u00bb tablet_text_alignment=\u00a0\u00bbdefault\u00a0\u00bb phone_text_alignment=\u00a0\u00bbdefault\u00a0\u00bb overlay_strength=\u00a0\u00bb0.3&Prime; column_border_width=\u00a0\u00bbnone\u00a0\u00bb column_border_style=\u00a0\u00bbsolid\u00a0\u00bb bg_image_animation=\u00a0\u00bbnone\u00a0\u00bb][vc_row_inner column_margin=\u00a0\u00bbdefault\u00a0\u00bb text_align=\u00a0\u00bbleft\u00a0\u00bb][vc_column_inner column_padding=\u00a0\u00bbno-extra-padding\u00a0\u00bb column_padding_position=\u00a0\u00bball\u00a0\u00bb background_color_opacity=\u00a0\u00bb1&Prime;...","og_url":"https:\/\/fil-avocats.com\/bulgaria\/","og_site_name":"FIL - French-speaking International Lawyers","article_modified_time":"2021-04-12T13:31:05+00:00","og_image":[{"url":"https:\/\/fil-avocats.com\/wp-content\/uploads\/2019\/08\/bulgaria-logo2.jpg","type":"","width":"","height":""}],"twitter_card":"summary_large_image","twitter_misc":{"Dur\u00e9e de lecture estim\u00e9e":"4 minutes"},"schema":{"@context":"https:\/\/schema.org","@graph":[{"@type":"WebPage","@id":"https:\/\/fil-avocats.com\/bulgaria\/","url":"https:\/\/fil-avocats.com\/bulgaria\/","name":"Bulgarie - FIL - French-speaking International Lawyers","isPartOf":{"@id":"https:\/\/fil-avocats.com\/#website"},"primaryImageOfPage":{"@id":"https:\/\/fil-avocats.com\/bulgaria\/#primaryimage"},"image":{"@id":"https:\/\/fil-avocats.com\/bulgaria\/#primaryimage"},"thumbnailUrl":"https:\/\/fil-avocats.com\/wp-content\/uploads\/2019\/08\/bulgaria-logo2.jpg","datePublished":"2019-08-08T11:48:13+00:00","dateModified":"2021-04-12T13:31:05+00:00","breadcrumb":{"@id":"https:\/\/fil-avocats.com\/bulgaria\/#breadcrumb"},"inLanguage":"fr-FR","potentialAction":[{"@type":"ReadAction","target":["https:\/\/fil-avocats.com\/bulgaria\/"]}]},{"@type":"ImageObject","inLanguage":"fr-FR","@id":"https:\/\/fil-avocats.com\/bulgaria\/#primaryimage","url":"https:\/\/fil-avocats.com\/wp-content\/uploads\/2019\/08\/bulgaria-logo2.jpg","contentUrl":"https:\/\/fil-avocats.com\/wp-content\/uploads\/2019\/08\/bulgaria-logo2.jpg"},{"@type":"BreadcrumbList","@id":"https:\/\/fil-avocats.com\/bulgaria\/#breadcrumb","itemListElement":[{"@type":"ListItem","position":1,"name":"Home","item":"https:\/\/fil-avocats.com\/"},{"@type":"ListItem","position":2,"name":"Bulgarie"}]},{"@type":"WebSite","@id":"https:\/\/fil-avocats.com\/#website","url":"https:\/\/fil-avocats.com\/","name":"FIL - French-speaking International Lawyers","description":"A global network of French-speaking lawyers","potentialAction":[{"@type":"SearchAction","target":{"@type":"EntryPoint","urlTemplate":"https:\/\/fil-avocats.com\/?s={search_term_string}"},"query-input":{"@type":"PropertyValueSpecification","valueRequired":true,"valueName":"search_term_string"}}],"inLanguage":"fr-FR"}]}},"_links":{"self":[{"href":"https:\/\/fil-avocats.com\/fr\/wp-json\/wp\/v2\/pages\/448","targetHints":{"allow":["GET"]}}],"collection":[{"href":"https:\/\/fil-avocats.com\/fr\/wp-json\/wp\/v2\/pages"}],"about":[{"href":"https:\/\/fil-avocats.com\/fr\/wp-json\/wp\/v2\/types\/page"}],"author":[{"embeddable":true,"href":"https:\/\/fil-avocats.com\/fr\/wp-json\/wp\/v2\/users\/1"}],"replies":[{"embeddable":true,"href":"https:\/\/fil-avocats.com\/fr\/wp-json\/wp\/v2\/comments?post=448"}],"version-history":[{"count":9,"href":"https:\/\/fil-avocats.com\/fr\/wp-json\/wp\/v2\/pages\/448\/revisions"}],"predecessor-version":[{"id":551,"href":"https:\/\/fil-avocats.com\/fr\/wp-json\/wp\/v2\/pages\/448\/revisions\/551"}],"wp:attachment":[{"href":"https:\/\/fil-avocats.com\/fr\/wp-json\/wp\/v2\/media?parent=448"}],"curies":[{"name":"wp","href":"https:\/\/api.w.org\/{rel}","templated":true}]}}