{"id":68,"date":"2018-09-07T10:40:24","date_gmt":"2018-09-07T08:40:24","guid":{"rendered":"http:\/\/fil-avocats.com\/?page_id=68"},"modified":"2018-10-24T11:34:51","modified_gmt":"2018-10-24T09:34:51","slug":"a-propos-de-nous","status":"publish","type":"page","link":"https:\/\/fil-avocats.com\/fr\/a-propos-de-nous\/","title":{"rendered":"\u00c0 propos de nous"},"content":{"rendered":"<p>FIL est le premier et le seul r\u00e9seau mondial pour les avocats en droit des affaires francophones. Notre r\u00e9seau est compos\u00e9 d\u2019avocats francophones avec des partenaires solides dans les pays non francophones. Nous sommes sp\u00e9cialis\u00e9s dans les conseils juridiques aux entreprises francophones de taille moyenne et aux entreprises \u00e9trang\u00e8res. Notre but est de devenir le plus grand r\u00e9seau d\u2019avocats francophones au monde.<\/p>\n<p>FIL a \u00e9t\u00e9 fond\u00e9e en 2018 au Danemark par l\u2019avocate francophone, Anne Mie Lund, qui est \u00e9galement la directrice du r\u00e9seau. La forme juridique du r\u00e9seau est IVS, qui est une entreprise danoise comparable juridiquement \u00e0 une soci\u00e9t\u00e9 \u00e0 responsabilit\u00e9 limit\u00e9e.<\/p>\n<p>La cr\u00e9ation de FIL est l\u2019aboutissement de nombreuses ann\u00e9es d\u2019exp\u00e9rience aupr\u00e8s d\u2019une client\u00e8le francophone. FIL.<\/p>\n<p>FIL peut vous aider \u00e0 trouver un avocat francophone qui r\u00e9pondra \u00e0 vos besoins partout dans le monde. Si vous cherchez des conseils juridiques d\u2019un avocat francophone concernant votre entreprise, nous vous aiderons \u00e0 contacter notre r\u00e9seau d\u2019avocats francophones. Nous fournissons des r\u00e9ponses concr\u00e8tes aux questions que vous pourriez vous poser dans le commerce international concernant les institutions et les r\u00e8gles fran\u00e7aises.<\/p>\n","protected":false},"excerpt":{"rendered":"<p>FIL est le premier et le seul r\u00e9seau mondial pour les avocats en droit des affaires francophones. Notre r\u00e9seau est compos\u00e9 d\u2019avocats francophones avec des partenaires solides dans les pays&#8230;<\/p>\n","protected":false},"author":1,"featured_media":0,"parent":0,"menu_order":0,"comment_status":"closed","ping_status":"closed","template":"page-sidebar.php","meta":{"footnotes":""},"class_list":["post-68","page","type-page","status-publish"],"yoast_head":"<!-- This site is optimized with the Yoast SEO plugin v27.4 - https:\/\/yoast.com\/product\/yoast-seo-wordpress\/ -->\n<title>\u00c0 propos de nous - FIL - French-speaking International Lawyers<\/title>\n<meta name=\"robots\" content=\"index, follow, max-snippet:-1, max-image-preview:large, max-video-preview:-1\" \/>\n<link rel=\"canonical\" href=\"https:\/\/fil-avocats.com\/about\/\" \/>\n<meta property=\"og:locale\" content=\"fr_FR\" \/>\n<meta property=\"og:type\" content=\"article\" \/>\n<meta property=\"og:title\" content=\"\u00c0 propos de nous - FIL - French-speaking International Lawyers\" \/>\n<meta property=\"og:description\" content=\"FIL est le premier et le seul r\u00e9seau mondial pour les avocats en droit des affaires francophones. Notre r\u00e9seau est compos\u00e9 d\u2019avocats francophones avec des partenaires solides dans les pays...\" \/>\n<meta property=\"og:url\" content=\"https:\/\/fil-avocats.com\/about\/\" \/>\n<meta property=\"og:site_name\" content=\"FIL - French-speaking International Lawyers\" \/>\n<meta property=\"article:modified_time\" content=\"2018-10-24T09:34:51+00:00\" \/>\n<meta name=\"twitter:card\" content=\"summary_large_image\" \/>\n<meta name=\"twitter:label1\" content=\"Dur\u00e9e de lecture estim\u00e9e\" \/>\n\t<meta name=\"twitter:data1\" content=\"1 minute\" \/>\n<script type=\"application\/ld+json\" class=\"yoast-schema-graph\">{\"@context\":\"https:\\\/\\\/schema.org\",\"@graph\":[{\"@type\":\"WebPage\",\"@id\":\"https:\\\/\\\/fil-avocats.com\\\/about\\\/\",\"url\":\"https:\\\/\\\/fil-avocats.com\\\/about\\\/\",\"name\":\"\u00c0 propos de nous - FIL - French-speaking International Lawyers\",\"isPartOf\":{\"@id\":\"https:\\\/\\\/fil-avocats.com\\\/#website\"},\"datePublished\":\"2018-09-07T08:40:24+00:00\",\"dateModified\":\"2018-10-24T09:34:51+00:00\",\"breadcrumb\":{\"@id\":\"https:\\\/\\\/fil-avocats.com\\\/about\\\/#breadcrumb\"},\"inLanguage\":\"fr-FR\",\"potentialAction\":[{\"@type\":\"ReadAction\",\"target\":[\"https:\\\/\\\/fil-avocats.com\\\/about\\\/\"]}]},{\"@type\":\"BreadcrumbList\",\"@id\":\"https:\\\/\\\/fil-avocats.com\\\/about\\\/#breadcrumb\",\"itemListElement\":[{\"@type\":\"ListItem\",\"position\":1,\"name\":\"Home\",\"item\":\"https:\\\/\\\/fil-avocats.com\\\/\"},{\"@type\":\"ListItem\",\"position\":2,\"name\":\"\u00c0 propos de nous\"}]},{\"@type\":\"WebSite\",\"@id\":\"https:\\\/\\\/fil-avocats.com\\\/#website\",\"url\":\"https:\\\/\\\/fil-avocats.com\\\/\",\"name\":\"FIL - French-speaking International Lawyers\",\"description\":\"A global network of French-speaking lawyers\",\"potentialAction\":[{\"@type\":\"SearchAction\",\"target\":{\"@type\":\"EntryPoint\",\"urlTemplate\":\"https:\\\/\\\/fil-avocats.com\\\/?s={search_term_string}\"},\"query-input\":{\"@type\":\"PropertyValueSpecification\",\"valueRequired\":true,\"valueName\":\"search_term_string\"}}],\"inLanguage\":\"fr-FR\"}]}<\/script>\n<!-- \/ Yoast SEO plugin. -->","yoast_head_json":{"title":"\u00c0 propos de nous - FIL - French-speaking International Lawyers","robots":{"index":"index","follow":"follow","max-snippet":"max-snippet:-1","max-image-preview":"max-image-preview:large","max-video-preview":"max-video-preview:-1"},"canonical":"https:\/\/fil-avocats.com\/about\/","og_locale":"fr_FR","og_type":"article","og_title":"\u00c0 propos de nous - FIL - French-speaking International Lawyers","og_description":"FIL est le premier et le seul r\u00e9seau mondial pour les avocats en droit des affaires francophones. Notre r\u00e9seau est compos\u00e9 d\u2019avocats francophones avec des partenaires solides dans les pays...","og_url":"https:\/\/fil-avocats.com\/about\/","og_site_name":"FIL - French-speaking International Lawyers","article_modified_time":"2018-10-24T09:34:51+00:00","twitter_card":"summary_large_image","twitter_misc":{"Dur\u00e9e de lecture estim\u00e9e":"1 minute"},"schema":{"@context":"https:\/\/schema.org","@graph":[{"@type":"WebPage","@id":"https:\/\/fil-avocats.com\/about\/","url":"https:\/\/fil-avocats.com\/about\/","name":"\u00c0 propos de nous - FIL - French-speaking International Lawyers","isPartOf":{"@id":"https:\/\/fil-avocats.com\/#website"},"datePublished":"2018-09-07T08:40:24+00:00","dateModified":"2018-10-24T09:34:51+00:00","breadcrumb":{"@id":"https:\/\/fil-avocats.com\/about\/#breadcrumb"},"inLanguage":"fr-FR","potentialAction":[{"@type":"ReadAction","target":["https:\/\/fil-avocats.com\/about\/"]}]},{"@type":"BreadcrumbList","@id":"https:\/\/fil-avocats.com\/about\/#breadcrumb","itemListElement":[{"@type":"ListItem","position":1,"name":"Home","item":"https:\/\/fil-avocats.com\/"},{"@type":"ListItem","position":2,"name":"\u00c0 propos de nous"}]},{"@type":"WebSite","@id":"https:\/\/fil-avocats.com\/#website","url":"https:\/\/fil-avocats.com\/","name":"FIL - French-speaking International Lawyers","description":"A global network of French-speaking lawyers","potentialAction":[{"@type":"SearchAction","target":{"@type":"EntryPoint","urlTemplate":"https:\/\/fil-avocats.com\/?s={search_term_string}"},"query-input":{"@type":"PropertyValueSpecification","valueRequired":true,"valueName":"search_term_string"}}],"inLanguage":"fr-FR"}]}},"_links":{"self":[{"href":"https:\/\/fil-avocats.com\/fr\/wp-json\/wp\/v2\/pages\/68","targetHints":{"allow":["GET"]}}],"collection":[{"href":"https:\/\/fil-avocats.com\/fr\/wp-json\/wp\/v2\/pages"}],"about":[{"href":"https:\/\/fil-avocats.com\/fr\/wp-json\/wp\/v2\/types\/page"}],"author":[{"embeddable":true,"href":"https:\/\/fil-avocats.com\/fr\/wp-json\/wp\/v2\/users\/1"}],"replies":[{"embeddable":true,"href":"https:\/\/fil-avocats.com\/fr\/wp-json\/wp\/v2\/comments?post=68"}],"version-history":[{"count":3,"href":"https:\/\/fil-avocats.com\/fr\/wp-json\/wp\/v2\/pages\/68\/revisions"}],"predecessor-version":[{"id":291,"href":"https:\/\/fil-avocats.com\/fr\/wp-json\/wp\/v2\/pages\/68\/revisions\/291"}],"wp:attachment":[{"href":"https:\/\/fil-avocats.com\/fr\/wp-json\/wp\/v2\/media?parent=68"}],"curies":[{"name":"wp","href":"https:\/\/api.w.org\/{rel}","templated":true}]}}